{"id":145,"date":"2015-09-28T16:00:31","date_gmt":"2015-09-28T16:00:31","guid":{"rendered":"https:\/\/plethorathemes.com\/healthx\/?page_id=145"},"modified":"2024-06-21T14:33:56","modified_gmt":"2024-06-21T12:33:56","slug":"home","status":"publish","type":"page","link":"https:\/\/www.ac-tive.cz\/cz\/","title":{"rendered":"Home"},"content":{"rendered":"<section class=\"vc_row wpb_row vc_row-fluid no_padding no_cols_padding elevate folded_section transparent\">\n\t\t<div class=\"row\">\n            <div class=\"wpb_column vc_column_container col-sm-3 col-xs-6 skincolored_section vc_custom_1586972221412\">\n                <div class=\"wpb_wrapper\">\n<!-- ========================== TEASER BOX ==========================-->\r\n<div class=\"teaser_box wpb_content_element text-center  transparent boxed same_height_col  with_button    \">\r\n\r\n  <div class=\"figure transparent\">\r\n\r\n\r\n      <a href=\"https:\/\/www.ac-tive.cz\/active-method\/\" debug title=\"\" target=\"\"> \r\n\r\n        \r\n        \r\n        \r\n         <img decoding=\"async\" src=\"https:\/\/www.ac-tive.cz\/wp-content\/uploads\/2015\/09\/icon_tree_white.png\" alt=\"Metoda Ac-tive ENF&lt;sup&gt;\u00ae&lt;\/sup&gt;\">   \r\n\r\n        \r\n\r\n    <\/a>\r\n\r\n  <\/div>\r\n\r\n\r\n\r\n  <div class=\"content text-center   with_button \">\r\n    \r\n    <div class=\"hgroup\">\r\n       <h4 class=\"neutralize_links\">\r\n       Metoda Ac-tive ENF<sup>\u00ae<\/sup>\r\n       <\/h4>\r\n      \r\n    <\/div>\r\n\r\n    \r\n\r\n    <div class=\"link centered\">\r\n        <a href=\"https:\/\/www.ac-tive.cz\/active-method\/\"  target=\"\" class=\"btn btn-xs btn-secondary\"><strong>V\u00edce<\/strong><\/a>\r\n    <\/div>\r\n\r\n  <\/div>\r\n\r\n<\/div>\r\n\r\n<!-- END======================= TEASER BOX ==========================-->\n                <\/div>\n            <\/div>\n            <div class=\"wpb_column vc_column_container col-sm-3 col-xs-6 skincolored_section vc_custom_1586972209098\">\n                <div class=\"wpb_wrapper\">\n<!-- ========================== TEASER BOX ==========================-->\r\n<div class=\"teaser_box wpb_content_element text-center  transparent boxed same_height_col  with_button    \">\r\n\r\n  <div class=\"figure transparent\">\r\n\r\n\r\n      <a href=\"http:\/\/www.ac-tive.cz\/application-and-results\/\" debug title=\"Mo\u017enosti aplikace a v\u00fdsledky\" target=\"\"> \r\n\r\n        \r\n        \r\n        \r\n         <img decoding=\"async\" src=\"https:\/\/www.ac-tive.cz\/wp-content\/uploads\/2015\/09\/icon_med_book_white.png\" alt=\"Mo\u017enosti aplikace a v\u00fdsledky\">   \r\n\r\n        \r\n\r\n    <\/a>\r\n\r\n  <\/div>\r\n\r\n\r\n\r\n  <div class=\"content text-center   with_button \">\r\n    \r\n    <div class=\"hgroup\">\r\n       <h4 class=\"neutralize_links\">\r\n       Mo\u017enosti aplikace a v\u00fdsledky\r\n       <\/h4>\r\n      \r\n    <\/div>\r\n\r\n    \r\n\r\n    <div class=\"link centered\">\r\n        <a href=\"http:\/\/www.ac-tive.cz\/application-and-results\/\" Mo\u017enosti aplikace a v\u00fdsledky target=\"\" class=\"btn btn-xs btn-secondary\"><strong>V\u00edce<\/strong><\/a>\r\n    <\/div>\r\n\r\n  <\/div>\r\n\r\n<\/div>\r\n\r\n<!-- END======================= TEASER BOX ==========================-->\n                <\/div>\n            <\/div>\n            <div class=\"wpb_column vc_column_container col-sm-3 col-xs-6 skincolored_section vc_custom_1586972226537\">\n                <div class=\"wpb_wrapper\">\n<!-- ========================== TEASER BOX ==========================-->\r\n<div class=\"teaser_box wpb_content_element text-center  transparent boxed same_height_col  with_button    \">\r\n\r\n  <div class=\"figure transparent\">\r\n\r\n\r\n      <a href=\"\/register-of-course-graduates\/\" debug title=\"Certified physicians\" target=\"\"> \r\n\r\n        \r\n        \r\n        \r\n         <img decoding=\"async\" src=\"https:\/\/www.ac-tive.cz\/wp-content\/uploads\/2015\/09\/icon_doctor1.png\" alt=\"Certifikovan\u00ed l\u00e9ka\u0159i\">   \r\n\r\n        \r\n\r\n    <\/a>\r\n\r\n  <\/div>\r\n\r\n\r\n\r\n  <div class=\"content text-center   with_button \">\r\n    \r\n    <div class=\"hgroup\">\r\n       <h4 class=\"neutralize_links\">\r\n       Certifikovan\u00ed l\u00e9ka\u0159i\r\n       <\/h4>\r\n      \r\n    <\/div>\r\n\r\n    \r\n\r\n    <div class=\"link centered\">\r\n        <a href=\"\/register-of-course-graduates\/\" Certified physicians target=\"\" class=\"btn btn-xs btn-secondary\"><strong>V\u00edce<\/strong><\/a>\r\n    <\/div>\r\n\r\n  <\/div>\r\n\r\n<\/div>\r\n\r\n<!-- END======================= TEASER BOX ==========================-->\n                <\/div>\n            <\/div>\n            <div class=\"wpb_column vc_column_container col-sm-3 col-xs-6 skincolored_section vc_custom_1586972216289\">\n                <div class=\"wpb_wrapper\">\n<!-- ========================== TEASER BOX ==========================-->\r\n<div class=\"teaser_box wpb_content_element text-center  transparent boxed same_height_col  with_button    \">\r\n\r\n  <div class=\"figure transparent\">\r\n\r\n\r\n      <a href=\"http:\/\/www.ac-tive.cz\/doctor-courses\/\" debug title=\"Kurzy pro l\u00e9ka\u0159e\" target=\"\"> \r\n\r\n        \r\n        \r\n        \r\n         <img decoding=\"async\" src=\"https:\/\/www.ac-tive.cz\/wp-content\/uploads\/2015\/09\/icon_help_desk1.png\" alt=\"Kurzy pro l\u00e9ka\u0159e\">   \r\n\r\n        \r\n\r\n    <\/a>\r\n\r\n  <\/div>\r\n\r\n\r\n\r\n  <div class=\"content text-center   with_button \">\r\n    \r\n    <div class=\"hgroup\">\r\n       <h4 class=\"neutralize_links\">\r\n       Kurzy pro l\u00e9ka\u0159e\r\n       <\/h4>\r\n      \r\n    <\/div>\r\n\r\n    \r\n\r\n    <div class=\"link centered\">\r\n        <a href=\"http:\/\/www.ac-tive.cz\/doctor-courses\/\" Kurzy pro l\u00e9ka\u0159e target=\"\" class=\"btn btn-xs btn-secondary\"><strong>V\u00edce<\/strong><\/a>\r\n    <\/div>\r\n\r\n  <\/div>\r\n\r\n<\/div>\r\n\r\n<!-- END======================= TEASER BOX ==========================-->\n                <\/div>\n            <\/div>\n\t\t<\/div>\n<\/section>\n\n\n<section class=\"vc_row wpb_row vc_row-fluid no_top_padding\">\n\t\t<div class=\"row\">\n            <div class=\"wpb_column vc_column_container col-sm-12\">\n                <div class=\"wpb_wrapper\">\n<div class=\"section_header subtitle_bottom   fancy text-left\">\r\n\r\n    <h2>V\u00edtejte na str\u00e1nk\u00e1ch Ac-tive ENF<sup>\u00ae<\/sup><\/h2>\n\r\n\r\n        <p >Aktivn\u00ed p\u0159\u00edstup k l\u00e9\u010db\u011b ztracen\u00e9ho pohybu<\/p>\r\n<\/div>\n                <\/div>\n            <\/div>\n            <div class=\"wpb_column vc_column_container col-sm-8 margin_bottom_grid text-left\">\n                <div class=\"wpb_wrapper\">\n\n\t<div class=\"wpb_text_column wpb_content_element \" >\n\t\t<div class=\"wpb_wrapper\">\n\t\t\t<p style=\"text-align: justify;\">Aplikujeme jedine\u010dnou metodu pro l\u00e9\u010dbu nervov\u00fdch ochrnut\u00ed, kter\u00e1 vznikla spojen\u00edm l\u00e9ka\u0159sk\u00e9 akupunktury s v\u00edce ne\u017e 50 letou tradic\u00ed v \u010cesk\u00e9 republice a znalost\u00ed fyzik\u00e1ln\u00ed medic\u00edny vyu\u017e\u00edvan\u00e1 v rehabilita\u010dn\u00edm l\u00e9ka\u0159stv\u00ed.<\/p>\n\n\t\t<\/div>\n\t<\/div>\n<div class=\"vc_separator wpb_content_element vc_separator_align_left vc_sep_width_100 vc_sep_pos_align_right vc_sep_color_black vc_separator-has-text\" ><span class=\"vc_sep_holder vc_sep_holder_l\"><span  class=\"vc_sep_line\"><\/span><\/span><h4>Modern\u00ed l\u00e9\u010debn\u00e1 metoda<\/h4><span class=\"vc_sep_holder vc_sep_holder_r\"><span  class=\"vc_sep_line\"><\/span><\/span>\n<\/div>\n\t<div class=\"wpb_text_column wpb_content_element \" >\n\t\t<div class=\"wpb_wrapper\">\n\t\t\t<p style=\"text-align: justify;\">Podstata metody Ac-tive ENF<sup>\u00ae<\/sup> spo\u010d\u00edv\u00e1 v aktivaci akupunkturn\u00edch drah pomoc\u00ed jehel, kter\u00e9 jsou aplikov\u00e1ny do akupunkturn\u00edch bod\u016f. Do akupunkturn\u00edch jehel jsou zav\u00e1d\u011bny elektrick\u00e9 impulzy, umo\u017e\u0148uj\u00edc\u00ed stimulovat body v ochrnut\u00fdch \u010d\u00e1stech t\u011bla.<\/p>\n\n\t\t<\/div>\n\t<\/div>\n<div class=\"plethora_button wpb_content_element   text-left \">\r\n    <a href=\"http:\/\/www.ac-tive.cz\/active-method\/\" debug class=\" btn btn-primary with-icon icon-left\" title=\"Co je metoda Active\u00ae?\"  target=\"_self\">\r\n\r\n         <i class=\"wmi icon-i-laboratory\"><\/i> \r\n        Zjistit v\u00edce\r\n        \r\n\r\n    <\/a>\r\n<\/div>\n                <\/div>\n            <\/div>\n            <div class=\"wpb_column vc_column_container col-sm-4 text-left\">\n                <div class=\"wpb_wrapper\">\n<!-- ========================== TEASER BOX ==========================-->\r\n<div class=\"teaser_box wpb_content_element text-center image_hover skincolored_section    with_button    \">\r\n\r\n\r\n\r\n      <a href=\"https:\/\/www.ac-tive.cz\/kontakt\/\" debug title=\"\" target=\"\"> \r\n\r\n        \r\n\r\n    <\/a>\r\n\r\n\r\n\r\n\r\n  <div class=\"content text-center boxed  with_button \">\r\n    \r\n    <div class=\"hgroup\">\r\n       <h4 class=\"neutralize_links\">\r\n       Kontaktujte n\u00e1s\r\n       <\/h4>\r\n      \r\n    <\/div>\r\n\r\n    \r\n\r\n    <div class=\"link centered\">\r\n        <a href=\"https:\/\/www.ac-tive.cz\/kontakt\/\"  target=\"\" class=\"btn btn-xs btn-secondary\"><strong>More<\/strong><\/a>\r\n    <\/div>\r\n\r\n  <\/div>\r\n\r\n<\/div>\r\n\r\n<!-- END======================= TEASER BOX ==========================-->\n                <\/div>\n            <\/div>\n\t\t<\/div>\n<\/section>\n\n\n<section class=\"vc_row wpb_row vc_row-fluid light_section separator_top sep_angled_positive_top separator_bottom sep_angled_positive_bottom\">\n\t\t<div class=\"row\">\n            <div class=\"wpb_column vc_column_container col-sm-12\">\n                <div class=\"wpb_wrapper\">\n<div class=\"section_header subtitle_bottom   fancy text-left\">\r\n\r\n    <h2>Kurzy pro l\u00e9ka\u0159e<\/h2>\n\r\n\r\n        <p >Nab\u00edz\u00edme odborn\u00e9 kurzy pro l\u00e9ka\u0159e<\/p>\r\n<\/div><div class=\"vc_row wpb_row vc_inner vc_row-fluid\">            <div class=\"wpb_column vc_column_container col-sm-4\">\n                <div class=\"wpb_wrapper\">\n<!-- ========================== TEASER BOX ==========================-->\r\n<div class=\"teaser_box wpb_content_element text-center  transparent boxed_special same_height_col  with_button    \">\r\n\r\n\r\n  <div class=\"figure transparent\">\r\n\r\n      <a href=\"http:\/\/www.ac-tive.cz\/doctor-courses\/\" debug title=\"Kurzy pro l\u00e9ka\u0159e\" target=\"\"> \r\n\r\n        \r\n\r\n        \r\n\r\n        <i class=\"wmi icon-i-social-services\"><\/i>\r\n\r\n\r\n    <\/a>\r\n\r\n\r\n  <\/div>\r\n\r\n\r\n  <div class=\"content text-center   with_button \">\r\n    \r\n    <div class=\"hgroup\">\r\n       <h4 class=\"neutralize_links\">\r\n       Ac-tive ENF<sup>\u00ae<\/sup> basic\r\n       <\/h4>\r\n       <p>Z\u00e1kladn\u00ed kurz mo\u017enost\u00ed analgezie<\/p> \r\n    <\/div>\r\n\r\n    \r\n\r\n    <div class=\"link centered\">\r\n        <a href=\"http:\/\/www.ac-tive.cz\/doctor-courses\/\" Kurzy pro l\u00e9ka\u0159e target=\"\" class=\"btn btn-xs btn-primary\"><strong>V\u00edce<\/strong><\/a>\r\n    <\/div>\r\n\r\n  <\/div>\r\n\r\n<\/div>\r\n\r\n<!-- END======================= TEASER BOX ==========================-->\n                <\/div>\n            <\/div>\n            <div class=\"wpb_column vc_column_container col-sm-4\">\n                <div class=\"wpb_wrapper\">\n<!-- ========================== TEASER BOX ==========================-->\r\n<div class=\"teaser_box wpb_content_element text-center  transparent boxed_special same_height_col  with_button    \">\r\n\r\n\r\n  <div class=\"figure transparent\">\r\n\r\n      <a href=\"http:\/\/www.ac-tive.cz\/doctor-courses\/\" debug title=\"Kurzy pro l\u00e9ka\u0159e\" target=\"\"> \r\n\r\n        \r\n\r\n        \r\n\r\n        <i class=\"wmi icon-i-administration\"><\/i>\r\n\r\n\r\n    <\/a>\r\n\r\n\r\n  <\/div>\r\n\r\n\r\n  <div class=\"content text-center   with_button \">\r\n    \r\n    <div class=\"hgroup\">\r\n       <h4 class=\"neutralize_links\">\r\n       Ac-tive ENF<sup>\u00ae<\/sup> advanced Adults\r\n       <\/h4>\r\n       <p>L\u00e9\u010dba par\u00e9z a spasticity u dosp\u011bl\u00fdch pacient\u016f<\/p> \r\n    <\/div>\r\n\r\n    \r\n\r\n    <div class=\"link centered\">\r\n        <a href=\"http:\/\/www.ac-tive.cz\/doctor-courses\/\" Kurzy pro l\u00e9ka\u0159e target=\"\" class=\"btn btn-xs btn-primary\"><strong>V\u00edce<\/strong><\/a>\r\n    <\/div>\r\n\r\n  <\/div>\r\n\r\n<\/div>\r\n\r\n<!-- END======================= TEASER BOX ==========================-->\n                <\/div>\n            <\/div>\n            <div class=\"wpb_column vc_column_container col-sm-4\">\n                <div class=\"wpb_wrapper\">\n<!-- ========================== TEASER BOX ==========================-->\r\n<div class=\"teaser_box wpb_content_element text-center  transparent boxed_special same_height_col  with_button    \">\r\n\r\n\r\n  <div class=\"figure transparent\">\r\n\r\n      <a href=\"http:\/\/www.ac-tive.cz\/doctor-courses\/\" debug title=\"Kurzy pro l\u00e9ka\u0159e\" target=\"\"> \r\n\r\n        \r\n\r\n        \r\n\r\n        <i class=\"fa fa-child\"><\/i>\r\n\r\n\r\n    <\/a>\r\n\r\n\r\n  <\/div>\r\n\r\n\r\n  <div class=\"content text-center   with_button \">\r\n    \r\n    <div class=\"hgroup\">\r\n       <h4 class=\"neutralize_links\">\r\n       Ac-tive ENF<sup>\u00ae<\/sup> advanced Children\r\n       <\/h4>\r\n       <p>L\u00e9\u010dba par\u00e9z a spasticity u d\u011btsk\u00fdch pacient\u016f<\/p> \r\n    <\/div>\r\n\r\n    \r\n\r\n    <div class=\"link centered\">\r\n        <a href=\"http:\/\/www.ac-tive.cz\/doctor-courses\/\" Kurzy pro l\u00e9ka\u0159e target=\"\" class=\"btn btn-xs btn-primary\"><strong>V\u00edce<\/strong><\/a>\r\n    <\/div>\r\n\r\n  <\/div>\r\n\r\n<\/div>\r\n\r\n<!-- END======================= TEASER BOX ==========================-->\n                <\/div>\n            <\/div>\n<\/div><div class=\"vc_empty_space\"   style=\"height: 24px\"><span class=\"vc_empty_space_inner\"><\/span><\/div><div class=\"plethora_button wpb_content_element   text-left \">\r\n    <a href=\"http:\/\/www.ac-tive.cz\/doctor-courses\/\" debug class=\" btn btn-primary with-icon icon-left\" title=\"Kurzy pro l\u00e9ka\u0159e\"  target=\"_self\">\r\n\r\n         <i class=\"wmi icon-i-health-education\"><\/i> \r\n        Proj\u00edt nab\u00eddku kurz\u016f\r\n        \r\n\r\n    <\/a>\r\n<\/div>\n                <\/div>\n            <\/div>\n\t\t<\/div>\n<\/section>\n\n\n<section  class=\"vc_row wpb_row vc_row-fluid secondary_section text-center transparent_film vcenter vc_custom_1601971905217 bgimage bg_vcenter\">\n\t\t<div class=\"row\">\n            <div class=\"wpb_column vc_column_container col-sm-12 text-center\">\n                <div class=\"wpb_wrapper\">\n<div class=\"section_header subtitle_bottom   fancy text-center\">\r\n\r\n    <h2>M\u00e1te z\u00e1jem o l\u00e9\u010dbu pomoc\u00ed na\u0161\u00ed metody Ac-tive ENF<sup>\u00ae<\/sup>?<\/h2>\n\r\n\r\n        <p >Napi\u0161te n\u00e1m na dr.olsak@sc-rehabilitace.cz.<\/p>\r\n<\/div>\n                <\/div>\n            <\/div>\n\t\t<\/div>\n<\/section>\n","protected":false},"excerpt":{"rendered":"Metoda Ac-tive ENF\u00ae V\u00edce Mo\u017enosti aplikace a v\u00fdsledky V\u00edce Certifikovan\u00ed l\u00e9ka\u0159i V\u00edce Kurzy pro l\u00e9ka\u0159e V\u00edce V\u00edtejte na str\u00e1nk\u00e1ch Ac-tive ENF\u00ae Aktivn\u00ed p\u0159\u00edstup k l\u00e9\u010db\u011b ztracen\u00e9ho pohybu Aplikujeme jedine\u010dnou metodu pro l\u00e9\u010dbu nervov\u00fdch ochrnut\u00ed, kter\u00e1 vznikla spojen\u00edm l\u00e9ka\u0159sk\u00e9 akupunktury s v\u00edce ne\u017e 50 letou tradic\u00ed v \u010cesk\u00e9 republice a znalost\u00ed fyzik\u00e1ln\u00ed medic\u00edny vyu\u017e\u00edvan\u00e1 v rehabilita\u010dn\u00edm [...]","protected":false},"author":1,"featured_media":0,"parent":0,"menu_order":0,"comment_status":"closed","ping_status":"closed","template":"","meta":{"footnotes":""},"class_list":["post-145","page","type-page","status-publish","hentry"],"aioseo_notices":[],"post_mailing_queue_ids":[],"_links":{"self":[{"href":"https:\/\/www.ac-tive.cz\/cz\/wp-json\/wp\/v2\/pages\/145","targetHints":{"allow":["GET"]}}],"collection":[{"href":"https:\/\/www.ac-tive.cz\/cz\/wp-json\/wp\/v2\/pages"}],"about":[{"href":"https:\/\/www.ac-tive.cz\/cz\/wp-json\/wp\/v2\/types\/page"}],"author":[{"embeddable":true,"href":"https:\/\/www.ac-tive.cz\/cz\/wp-json\/wp\/v2\/users\/1"}],"replies":[{"embeddable":true,"href":"https:\/\/www.ac-tive.cz\/cz\/wp-json\/wp\/v2\/comments?post=145"}],"version-history":[{"count":47,"href":"https:\/\/www.ac-tive.cz\/cz\/wp-json\/wp\/v2\/pages\/145\/revisions"}],"predecessor-version":[{"id":2758,"href":"https:\/\/www.ac-tive.cz\/cz\/wp-json\/wp\/v2\/pages\/145\/revisions\/2758"}],"wp:attachment":[{"href":"https:\/\/www.ac-tive.cz\/cz\/wp-json\/wp\/v2\/media?parent=145"}],"curies":[{"name":"wp","href":"https:\/\/api.w.org\/{rel}","templated":true}]}}