{"id":2786,"date":"2024-06-20T15:19:55","date_gmt":"2024-06-20T13:19:55","guid":{"rendered":"https:\/\/www.ac-tive.cz\/?page_id=2786"},"modified":"2026-02-27T16:40:02","modified_gmt":"2026-02-27T15:40:02","slug":"active-enf-v-mediich","status":"publish","type":"page","link":"https:\/\/www.ac-tive.cz\/cz\/active-enf-v-mediich\/","title":{"rendered":"Ac-tive ENF\u00ae v m\u00e9di\u00edch"},"content":{"rendered":"\n<section class=\"vc_row wpb_row vc_row-fluid\">\n\t\t<div class=\"row\">\n            <div class=\"wpb_column vc_column_container col-sm-12\">\n                <div class=\"wpb_wrapper\">\n<div class=\"vc_empty_space\"   style=\"height: 64px\"><span class=\"vc_empty_space_inner\"><\/span><\/div>\n\t<div class=\"wpb_text_column wpb_content_element \" >\n\t\t<div class=\"wpb_wrapper\">\n\t\t\t<p><a href=\"https:\/\/liberec.rozhlas.cz\/konferece-techcare-predstavila-nejmodernejsi-technologie-pouzivane-v-medicine-a-9598418\">\u010cesk\u00fd Rozhlas (25.2.2026) &#8211; Konferece TechCare p\u0159edstavila nejmodern\u011bj\u0161\u00ed technologie pou\u017e\u00edvan\u00e9 v medic\u00edn\u011b a soci\u00e1ln\u00edch slu\u017eb\u00e1ch | Liberec<\/a><\/p>\n<p><a href=\"https:\/\/www.reflex.cz\/clanek\/prostor-x\/133787\/lekar-peter-olsak-o-nove-nadejne-metode-dva-pacienti-s-uplnym-prerusenim-michy-zacali-chodit.html\">Reflex.cz (20.1.2026) &#8211; L\u00e9ka\u0159 Peter Ol\u0161\u00e1k o nov\u00e9 nad\u011bjn\u00e9 metod\u011b: Dva pacienti s \u00fapln\u00fdm p\u0159eru\u0161en\u00edm m\u00edchy za\u010dali chodit<\/a><\/p>\n<p><a href=\"https:\/\/www.ceskatelevize.cz\/porady\/1096060107-klic\/225562221700018\/?fbclid=IwY2xjawPu2qpleHRuA2FlbQIxMQBicmlkETBPRDZkNGxnWkVqUElaSnBYc3J0YwZhcHBfaWQQMjIyMDM5MTc4ODIwMDg5MgABHkuvWhydj1O2uc7u_ieBo3h9LSAL5DskkC2rbzwZvouu483vdNpcFkYFAqCG_aem_ZjYDsq0HELhil6hdUYYYWw\">\u010cesk\u00e1 televize<\/a><a href=\"https:\/\/www.ceskatelevize.cz\/porady\/1096060107-klic\/225562221700018\/?fbclid=IwY2xjawPu2qpleHRuA2FlbQIxMQBicmlkETBPRDZkNGxnWkVqUElaSnBYc3J0YwZhcHBfaWQQMjIyMDM5MTc4ODIwMDg5MgABHkuvWhydj1O2uc7u_ieBo3h9LSAL5DskkC2rbzwZvouu483vdNpcFkYFAqCG_aem_ZjYDsq0HELhil6hdUYYYWw\"> (3.12.2025) &#8211; Kl\u00ed\u010d<\/a><\/p>\n<p><a href=\"https:\/\/www.youtube.com\/watch?v=-y4JRCPu4kw\">YouTube.com (1.4.2025) &#8211; Webin\u00e1\u0159: Jak\u00e9 jsou p\u0159\u00ednosy elektroakupunktury pro spin\u00e1ln\u00ed pacienty<\/a><\/p>\n<p><a href=\"https:\/\/www.youtube.com\/watch?v=stiZT6VbiWQ&amp;t=581s\">YouTube.com (22.10.2024) &#8211; Webina\u0301r\u030c: Elektro &#8211; akupunktura<\/a><\/p>\n<p><a href=\"https:\/\/www.ceskatelevize.cz\/porady\/10435049455-dobre-rano\/324291310020052\/cast\/1047125\/\">\u010cesk\u00e1 televize &#8211; Dobr\u00e9 r\u00e1no (24.5.2024) &#8211; Peter Ol\u0161\u00e1k<\/a><\/p>\n<p><a href=\"https:\/\/www.mujrozhlas.cz\/moci-bez-nemoci\/elektroakupunktura-novinkova-metoda-pro-pacienty-s-prerusenim-michy\">\u010cesk\u00fd rozhlas (mujRozhlas.cz) &#8211; Moci bez nemoci &#8211; Elektroakupunktura. Novinkov\u00e1 metoda pro pacienty s p\u0159eru\u0161en\u00edm m\u00edchy<\/a><\/p>\n<p><a href=\"https:\/\/www.idnes.cz\/hradec-kralove\/zpravy\/akupunktura-janske-lazne-lekar-olsak-postizeni-lecba.A240909_150756_hradec-zpravy_pos\">iDnes.cz (9.9.2024) &#8211; U\u017e nedoufali. Ochrnut\u00ed pacienti uk\u00e1zali pokroky po revolu\u010dn\u00ed l\u00e9\u010db\u011b akupunkturou.<\/a><\/p>\n\n\t\t<\/div>\n\t<\/div>\n\n                <\/div>\n            <\/div>\n\t\t<\/div>\n<\/section>\n\n\n","protected":false},"excerpt":{"rendered":"\u010cesk\u00fd Rozhlas (25.2.2026) - Konferece TechCare p\u0159edstavila nejmodern\u011bj\u0161\u00ed technologie pou\u017e\u00edvan\u00e9 v medic\u00edn\u011b a soci\u00e1ln\u00edch slu\u017eb\u00e1ch | Liberec Reflex.cz (20.1.2026) - L\u00e9ka\u0159 Peter Ol\u0161\u00e1k o nov\u00e9 nad\u011bjn\u00e9 metod\u011b: Dva pacienti s \u00fapln\u00fdm p\u0159eru\u0161en\u00edm m\u00edchy za\u010dali chodit \u010cesk\u00e1 televize (3.12.2025) - Kl\u00ed\u010d YouTube.com (1.4.2025) - Webin\u00e1\u0159: Jak\u00e9 jsou p\u0159\u00ednosy elektroakupunktury pro spin\u00e1ln\u00ed pacienty YouTube.com (22.10.2024) - Webina\u0301r\u030c: [...]","protected":false},"author":9,"featured_media":0,"parent":0,"menu_order":0,"comment_status":"closed","ping_status":"closed","template":"","meta":{"footnotes":""},"class_list":["post-2786","page","type-page","status-publish","hentry"],"aioseo_notices":[],"post_mailing_queue_ids":[],"_links":{"self":[{"href":"https:\/\/www.ac-tive.cz\/cz\/wp-json\/wp\/v2\/pages\/2786","targetHints":{"allow":["GET"]}}],"collection":[{"href":"https:\/\/www.ac-tive.cz\/cz\/wp-json\/wp\/v2\/pages"}],"about":[{"href":"https:\/\/www.ac-tive.cz\/cz\/wp-json\/wp\/v2\/types\/page"}],"author":[{"embeddable":true,"href":"https:\/\/www.ac-tive.cz\/cz\/wp-json\/wp\/v2\/users\/9"}],"replies":[{"embeddable":true,"href":"https:\/\/www.ac-tive.cz\/cz\/wp-json\/wp\/v2\/comments?post=2786"}],"version-history":[{"count":11,"href":"https:\/\/www.ac-tive.cz\/cz\/wp-json\/wp\/v2\/pages\/2786\/revisions"}],"predecessor-version":[{"id":3124,"href":"https:\/\/www.ac-tive.cz\/cz\/wp-json\/wp\/v2\/pages\/2786\/revisions\/3124"}],"wp:attachment":[{"href":"https:\/\/www.ac-tive.cz\/cz\/wp-json\/wp\/v2\/media?parent=2786"}],"curies":[{"name":"wp","href":"https:\/\/api.w.org\/{rel}","templated":true}]}}