{"id":3112,"date":"2026-02-25T15:31:56","date_gmt":"2026-02-25T14:31:56","guid":{"rendered":"https:\/\/www.ac-tive.cz\/?page_id=3112"},"modified":"2026-02-25T16:05:00","modified_gmt":"2026-02-25T15:05:00","slug":"pomahame-s-nadaci-ep-group","status":"publish","type":"page","link":"https:\/\/www.ac-tive.cz\/cz\/pomahame-s-nadaci-ep-group\/","title":{"rendered":"Pom\u00e1h\u00e1me s Nadac\u00ed EP Group"},"content":{"rendered":"\n<section class=\"vc_row wpb_row vc_row-fluid\">\n\t\t<div class=\"row\">\n            <div class=\"wpb_column vc_column_container col-sm-6\">\n                <div class=\"wpb_wrapper\">\n\n\t<div class=\"wpb_raw_code wpb_content_element wpb_raw_html\" >\n\t\t<div class=\"wpb_wrapper\">\n\t\t\t<h4>Rozhovor s MUDr. Peterem Ol\u0161\u00e1kem<\/h4>\n<figure class=\"wp-block-video\"><video controls src=\"\/wp-content\/uploads\/videos\/MUDr_Peter_Olsak_Moderni_akupunktura.mp4\"><\/video><\/figure>\n\t\t<\/div>\n\t<\/div>\n<div class=\"vc_empty_space\"   style=\"height: 32px\"><span class=\"vc_empty_space_inner\"><\/span><\/div>\n\t<div class=\"wpb_raw_code wpb_content_element wpb_raw_html\" >\n\t\t<div class=\"wpb_wrapper\">\n\t\t\t<h4>P\u0159\u00edb\u011bh pan\u00ed Aleny<\/h4>\n<figure class=\"wp-block-video\"><video controls src=\"\/wp-content\/uploads\/videos\/Alena_Tomkova\u0301_Moderni\u0301_akupunktura.mp4\"><\/video><\/figure>\n\t\t<\/div>\n\t<\/div>\n<div class=\"vc_empty_space\"   style=\"height: 32px\"><span class=\"vc_empty_space_inner\"><\/span><\/div>\n\t<div class=\"wpb_raw_code wpb_content_element wpb_raw_html\" >\n\t\t<div class=\"wpb_wrapper\">\n\t\t\t<h4>P\u0159\u00edb\u011bh pana Davida<\/h4>\n<figure class=\"wp-block-video\"><video controls src=\"\/wp-content\/uploads\/videos\/David_Vach_Moderni\u0301_akupunktura.mp4\"><\/video><\/figure>\n\t\t<\/div>\n\t<\/div>\n<div class=\"vc_empty_space\"   style=\"height: 32px\"><span class=\"vc_empty_space_inner\"><\/span><\/div>\n\t<div class=\"wpb_raw_code wpb_content_element wpb_raw_html\" >\n\t\t<div class=\"wpb_wrapper\">\n\t\t\t<h4>P\u0159\u00edb\u011bh pan\u00ed Svatavy<\/h4>\n<figure class=\"wp-block-video\"><video controls src=\"\/wp-content\/uploads\/videos\/Svatava_Moderni\u0301_akupunktura.mp4\"><\/video><\/figure>\n\t\t<\/div>\n\t<\/div>\n\n                <\/div>\n            <\/div>\n            <div class=\"wpb_column vc_column_container col-sm-6\">\n                <div class=\"wpb_wrapper\">\n\n\t<div class=\"wpb_raw_code wpb_content_element wpb_raw_html\" >\n\t\t<div class=\"wpb_wrapper\">\n\t\t\t<h4>Rozhovor s MUDr. Evou Kov\u00e1\u0159ovou<\/H4>\n<figure class=\"wp-block-video\"><video controls src=\"\/wp-content\/uploads\/videos\/MUDr_Eva_Kovarova_Moderni\u0301_akupunktura.mp4\"><\/video><\/figure>\n\t\t<\/div>\n\t<\/div>\n<div class=\"vc_empty_space\"   style=\"height: 32px\"><span class=\"vc_empty_space_inner\"><\/span><\/div>\n\t<div class=\"wpb_raw_code wpb_content_element wpb_raw_html\" >\n\t\t<div class=\"wpb_wrapper\">\n\t\t\t<h4>P\u0159\u00edb\u011bh pana Josefa<\/h4>\n<figure class=\"wp-block-video\"><video controls src=\"\/wp-content\/uploads\/videos\/Josef_Tomek_Moderni\u0301_akupunktura.mp4\"><\/video><\/figure>\n\t\t<\/div>\n\t<\/div>\n<div class=\"vc_empty_space\"   style=\"height: 32px\"><span class=\"vc_empty_space_inner\"><\/span><\/div>\n\t<div class=\"wpb_raw_code wpb_content_element wpb_raw_html\" >\n\t\t<div class=\"wpb_wrapper\">\n\t\t\t<h4>P\u0159\u00edb\u011bh pana Lubom\u00edra<\/h4>\n<figure class=\"wp-block-video\"><video controls src=\"\/wp-content\/uploads\/videos\/Lubomi\u0301r_Kalousek_Moderni\u0301_akupunktura.mp4\"><\/video><\/figure>\n\t\t<\/div>\n\t<\/div>\n\n                <\/div>\n            <\/div>\n\t\t<\/div>\n<\/section>\n\n\n","protected":false},"excerpt":{"rendered":"Rozhovor s MUDr. Peterem Ol\u0161\u00e1kem P\u0159\u00edb\u011bh pan\u00ed Aleny P\u0159\u00edb\u011bh pana Davida P\u0159\u00edb\u011bh pan\u00ed Svatavy Rozhovor s MUDr. Evou Kov\u00e1\u0159ovou P\u0159\u00edb\u011bh pana Josefa P\u0159\u00edb\u011bh pana Lubom\u00edra","protected":false},"author":9,"featured_media":0,"parent":0,"menu_order":0,"comment_status":"closed","ping_status":"closed","template":"","meta":{"footnotes":""},"class_list":["post-3112","page","type-page","status-publish","hentry"],"aioseo_notices":[],"post_mailing_queue_ids":[],"_links":{"self":[{"href":"https:\/\/www.ac-tive.cz\/cz\/wp-json\/wp\/v2\/pages\/3112","targetHints":{"allow":["GET"]}}],"collection":[{"href":"https:\/\/www.ac-tive.cz\/cz\/wp-json\/wp\/v2\/pages"}],"about":[{"href":"https:\/\/www.ac-tive.cz\/cz\/wp-json\/wp\/v2\/types\/page"}],"author":[{"embeddable":true,"href":"https:\/\/www.ac-tive.cz\/cz\/wp-json\/wp\/v2\/users\/9"}],"replies":[{"embeddable":true,"href":"https:\/\/www.ac-tive.cz\/cz\/wp-json\/wp\/v2\/comments?post=3112"}],"version-history":[{"count":7,"href":"https:\/\/www.ac-tive.cz\/cz\/wp-json\/wp\/v2\/pages\/3112\/revisions"}],"predecessor-version":[{"id":3121,"href":"https:\/\/www.ac-tive.cz\/cz\/wp-json\/wp\/v2\/pages\/3112\/revisions\/3121"}],"wp:attachment":[{"href":"https:\/\/www.ac-tive.cz\/cz\/wp-json\/wp\/v2\/media?parent=3112"}],"curies":[{"name":"wp","href":"https:\/\/api.w.org\/{rel}","templated":true}]}}