{"id":532,"date":"2015-10-22T06:53:44","date_gmt":"2015-10-22T04:53:44","guid":{"rendered":"https:\/\/plethorathemes.com\/healthx\/?page_id=532"},"modified":"2024-05-28T15:26:52","modified_gmt":"2024-05-28T13:26:52","slug":"patients","status":"publish","type":"page","link":"https:\/\/www.ac-tive.cz\/cz\/patients\/","title":{"rendered":"Pro pacienty"},"content":{"rendered":"<section class=\"vc_row wpb_row vc_row-fluid\">\n\t\t<div class=\"row\">\n            <div class=\"wpb_column vc_column_container col-sm-12\">\n                <div class=\"wpb_wrapper\">\n\n\t<div class=\"wpb_text_column wpb_content_element \" >\n\t\t<div class=\"wpb_wrapper\">\n\t\t\t<h2 style=\"text-align: justify;\">Pohled na l\u00e9\u010dbu poruch pohybu v d\u016fsledku po\u0161kozen\u00ed nervov\u00e9ho syst\u00e9mu<\/h2>\n<p style=\"text-align: justify;\">V\u00a0pr\u016fb\u011bhu l\u00e9\u010den\u00ed pacient\u016f s\u00a0pohybov\u00fdmi poruchami \u010dasto dost\u00e1v\u00e1m dotazy na mo\u017enosti a \u00fa\u010dinnost r\u016fzn\u00fdch postup\u016f ke\u00a0zlep\u0161en\u00ed pohybu. L\u00e9\u010dba se v\u00a0dne\u0161n\u00ed medic\u00edn\u011b prim\u00e1rn\u011b odv\u00edj\u00ed od konkr\u00e9tn\u00ed diagn\u00f3zy, kterou v\u00a0p\u0159\u00edpad\u011b po\u0161kozen\u00ed nervov\u00e9ho syst\u00e9mu ur\u010d\u00ed neurolog. Diagn\u00f3za po\u0161kozen\u00ed centr\u00e1ln\u00edho nervov\u00e9ho syst\u00e9mu se nej\u010dast\u011bji diagnostikuje pomoc\u00ed klinick\u00e9ho vy\u0161et\u0159en\u00ed, zobrazovac\u00edch vy\u0161et\u0159en\u00ed mozku nebo m\u00edchy, \u010di dal\u0161\u00edch pomocn\u00fdch v\u0161et\u0159en\u00ed (lumb\u00e1ln\u00ed punkce, krevn\u00ed odb\u011bry, vy\u0161et\u0159en\u00ed tzv. evokovan\u00fdch potenci\u00e1l\u016f a dal\u0161\u00ed). U po\u0161kozen\u00ed perifern\u00edho nervov\u00e9ho syst\u00e9mu se diagn\u00f3za nej\u010dast\u011bj\u00ed op\u00edr\u00e1 o klinick\u00e9 vy\u0161et\u0159en\u00ed a elektromyografick\u00e9 vy\u0161et\u0159en\u00ed.<\/p>\n<p style=\"text-align: justify;\">Obecn\u011b plat\u00ed, \u017ee ka\u017ed\u00e1 forma l\u00e9\u010dby je t\u00edm \u00fa\u010dinn\u011bj\u0161\u00ed, \u010d\u00edm rychleji se k\u00a0n\u00ed pacient dostane. Nejv\u00edce patrn\u00e9 je to u akutn\u00edch stav\u016f, ale plat\u00ed to tak\u00e9 pro pozd\u011bj\u0161\u00ed f\u00e1ze onemocn\u011bn\u00ed. Toto plat\u00ed i pro na\u0161i metodu Ac-tive\u00ae, kter\u00e1 umo\u017e\u0148uje velk\u00e9 \u010d\u00e1sti pacient\u016f s\u00a0po\u0161kozen\u00edm pohybu pomoc k\u00a0rychlej\u0161\u00edmu zlep\u0161en\u00ed pohybov\u00fdch funkc\u00ed. Nejlep\u0161\u00ed v\u00fdsledky se da\u0159\u00ed dos\u00e1hnout pokud se k\u00a0n\u00e1m pacienti dostanou v\u010das, tedy nejl\u00e9pe do jednoho m\u011bs\u00edce od prvn\u00edch p\u0159\u00edznak\u016f poruchy pohybu. B\u011b\u017en\u00e1 l\u00e9\u010dba po\u0161kozen\u00ed nervov\u00e9ho syst\u00e9mu zahrnuje r\u016fzn\u00e9 rehabilita\u010dn\u00ed postupy. Je vhodn\u00e9, aby pacienti trp\u00edc\u00ed omezen\u00edm pohybu nespol\u00e9hali pouze na na\u0161i metodu, ale z\u00e1rove\u0148 s\u00a0n\u00ed vyu\u017e\u00edvali i dal\u0161\u00ed \u00fa\u010dinn\u00e9 l\u00e9\u010debn\u00e9 postupy, zejm\u00e9na pak c\u00edlenou fyzioterapii. Dle na\u0161eho n\u00e1zoru k\u00a0\u00fasp\u011b\u0161n\u00e9 l\u00e9\u010db\u011b vede komplexn\u00ed p\u0159\u00edstup, kter\u00fd by v\u00a0ide\u00e1ln\u00edm p\u0159\u00edpad\u011b m\u011bl \u0159\u00eddit rehabilita\u010dn\u00ed l\u00e9ka\u0159. Ten koordinuje ve\u0161ker\u00e9 formy l\u00e9\u010dby, kter\u00e9 pacient podstupuje tak, aby bylo mo\u017en\u00e9 dos\u00e1hnout maxim\u00e1ln\u00ed zlep\u0161en\u00ed pohybu a z\u00e1rove\u0148 nedoch\u00e1zelo k\u00a0p\u0159et\u00ed\u017een\u00ed po\u0161kozen\u00fdch struktur.<\/p>\n<p style=\"text-align: justify;\">V sou\u010dasn\u00e9 dob\u011b se pomoc\u00ed na\u0161\u00ed metody Ac-tive\u00ae \u00fasp\u011b\u0161n\u011b l\u00e9\u010dilo v\u00edce ne\u017e 170 lid\u00ed s ochrnut\u00edm, u kter\u00fdch m\u00e1me z\u00e1rove\u0148 provedenou videodokumentaci \u010di jin\u00e9 formy test\u016f k verifikaci klinick\u00e9ho efektu. V\u011bt\u0161ina aktu\u00e1ln\u011b l\u00e9\u010den\u00fdch pacient\u016f proch\u00e1z\u00ed tak\u00e9 funk\u010dn\u00edm vy\u0161et\u0159en\u00edm v kineziologick\u00e9 laborato\u0159i rehabilita\u010dn\u00edho odd\u011blen\u00ed Fakultn\u00ed nemocnice v Olomouci, kde prob\u00edh\u00e1 objektivizace na\u0161ich v\u00fdsledk\u016f. V posledn\u00edch dvou letech je snaha o \u0161kolen\u00ed l\u00e9ka\u0159\u016f &#8211; akupunkturist\u016f v na\u0161\u00ed metod\u011b, aby bylo mo\u017en\u00e9 prov\u00e1d\u011bt tyto aplikace na v\u00edce m\u00edstech v r\u00e1mci \u010cesk\u00e9 republiky. Kurzy pro l\u00e9ka\u0159e slou\u017e\u00ed k postgradu\u00e1ln\u00edmu vzd\u011bl\u00e1v\u00e1n\u00ed.<\/p>\n<p style=\"text-align: justify;\"><strong>V\u00edce informac\u00ed o metod\u011b na<\/strong>: <a href=\"mailto:info@ac-tive.cz\">info@ac-tive.cz<\/a><\/p>\n\n\t\t<\/div>\n\t<\/div>\n\n                <\/div>\n            <\/div>\n\t\t<\/div>\n<\/section>\n\n\n<section class=\"vc_row wpb_row vc_row-fluid vc_custom_1591175949608\">\n\t\t<div class=\"row\">\n            <div class=\"wpb_column vc_column_container col-sm-1\/5 vc_custom_1591175809883\">\n                <div class=\"wpb_wrapper\">\n\n\t<div  class=\"wpb_single_image wpb_content_element vc_align_left\">\n\t\t\n\t\t<figure class=\"wpb_wrapper vc_figure\">\n\t\t\t<a data-rel=\"prettyPhoto[rel-532-3793298370]\" href=\"https:\/\/www.ac-tive.cz\/wp-content\/uploads\/2020\/05\/pro-pacienty-active-1024x768.jpg\" target=\"_self\" class=\"vc_single_image-wrapper   vc_box_border_grey prettyphoto\"><img loading=\"lazy\" decoding=\"async\" width=\"300\" height=\"225\" src=\"https:\/\/www.ac-tive.cz\/wp-content\/uploads\/2020\/05\/pro-pacienty-active-300x225.jpg\" class=\"vc_single_image-img attachment-medium\" alt=\"\" srcset=\"https:\/\/www.ac-tive.cz\/wp-content\/uploads\/2020\/05\/pro-pacienty-active-300x225.jpg 300w, https:\/\/www.ac-tive.cz\/wp-content\/uploads\/2020\/05\/pro-pacienty-active-1024x768.jpg 1024w, https:\/\/www.ac-tive.cz\/wp-content\/uploads\/2020\/05\/pro-pacienty-active-768x576.jpg 768w, https:\/\/www.ac-tive.cz\/wp-content\/uploads\/2020\/05\/pro-pacienty-active-1536x1152.jpg 1536w, https:\/\/www.ac-tive.cz\/wp-content\/uploads\/2020\/05\/pro-pacienty-active-2048x1536.jpg 2048w, https:\/\/www.ac-tive.cz\/wp-content\/uploads\/2020\/05\/pro-pacienty-active-scaled-e1589870997462.jpg 1000w\" sizes=\"auto, (max-width: 300px) 100vw, 300px\" \/><\/a>\n\t\t<\/figure>\n\t<\/div>\n\n                <\/div>\n            <\/div>\n            <div class=\"wpb_column vc_column_container col-sm-1\/5 vc_custom_1589872824408\">\n                <div class=\"wpb_wrapper\">\n\n\t<div  class=\"wpb_single_image wpb_content_element vc_align_left\">\n\t\t\n\t\t<figure class=\"wpb_wrapper vc_figure\">\n\t\t\t<a data-rel=\"prettyPhoto[rel-532-2110811292]\" href=\"https:\/\/www.ac-tive.cz\/wp-content\/uploads\/2020\/05\/akupunkturn\u00ed-jehla-1024x768.jpg\" target=\"_self\" class=\"vc_single_image-wrapper   vc_box_border_grey prettyphoto\"><img loading=\"lazy\" decoding=\"async\" width=\"300\" height=\"225\" src=\"https:\/\/www.ac-tive.cz\/wp-content\/uploads\/2020\/05\/akupunkturn\u00ed-jehla-300x225.jpg\" class=\"vc_single_image-img attachment-medium\" alt=\"\" srcset=\"https:\/\/www.ac-tive.cz\/wp-content\/uploads\/2020\/05\/akupunkturn\u00ed-jehla-300x225.jpg 300w, https:\/\/www.ac-tive.cz\/wp-content\/uploads\/2020\/05\/akupunkturn\u00ed-jehla-1024x768.jpg 1024w, https:\/\/www.ac-tive.cz\/wp-content\/uploads\/2020\/05\/akupunkturn\u00ed-jehla-768x576.jpg 768w, https:\/\/www.ac-tive.cz\/wp-content\/uploads\/2020\/05\/akupunkturn\u00ed-jehla-1536x1152.jpg 1536w, https:\/\/www.ac-tive.cz\/wp-content\/uploads\/2020\/05\/akupunkturn\u00ed-jehla-2048x1536.jpg 2048w, https:\/\/www.ac-tive.cz\/wp-content\/uploads\/2020\/05\/akupunkturn\u00ed-jehla-scaled-e1591865509305.jpg 1000w\" sizes=\"auto, (max-width: 300px) 100vw, 300px\" \/><\/a>\n\t\t<\/figure>\n\t<\/div>\n\n                <\/div>\n            <\/div>\n            <div class=\"wpb_column vc_column_container col-sm-1\/5\">\n                <div class=\"wpb_wrapper\">\n\n\t<div  class=\"wpb_single_image wpb_content_element vc_align_left  vc_custom_1589872832199\">\n\t\t\n\t\t<figure class=\"wpb_wrapper vc_figure\">\n\t\t\t<a data-rel=\"prettyPhoto[rel-532-3141145240]\" href=\"https:\/\/www.ac-tive.cz\/wp-content\/uploads\/2020\/05\/ac-tive-d\u00edt\u011b-1024x768.jpg\" target=\"_self\" class=\"vc_single_image-wrapper   vc_box_border_grey prettyphoto\"><img loading=\"lazy\" decoding=\"async\" width=\"300\" height=\"225\" src=\"https:\/\/www.ac-tive.cz\/wp-content\/uploads\/2020\/05\/ac-tive-d\u00edt\u011b-300x225.jpg\" class=\"vc_single_image-img attachment-medium\" alt=\"\" srcset=\"https:\/\/www.ac-tive.cz\/wp-content\/uploads\/2020\/05\/ac-tive-d\u00edt\u011b-300x225.jpg 300w, https:\/\/www.ac-tive.cz\/wp-content\/uploads\/2020\/05\/ac-tive-d\u00edt\u011b-1024x768.jpg 1024w, https:\/\/www.ac-tive.cz\/wp-content\/uploads\/2020\/05\/ac-tive-d\u00edt\u011b-768x576.jpg 768w, https:\/\/www.ac-tive.cz\/wp-content\/uploads\/2020\/05\/ac-tive-d\u00edt\u011b-1536x1152.jpg 1536w, https:\/\/www.ac-tive.cz\/wp-content\/uploads\/2020\/05\/ac-tive-d\u00edt\u011b-2048x1536.jpg 2048w, https:\/\/www.ac-tive.cz\/wp-content\/uploads\/2020\/05\/ac-tive-d\u00edt\u011b-scaled-e1591865520420.jpg 1000w\" sizes=\"auto, (max-width: 300px) 100vw, 300px\" \/><\/a>\n\t\t<\/figure>\n\t<\/div>\n\n                <\/div>\n            <\/div>\n            <div class=\"wpb_column vc_column_container col-sm-1\/5 vc_custom_1589872842959\">\n                <div class=\"wpb_wrapper\">\n\n\t<div  class=\"wpb_single_image wpb_content_element vc_align_left\">\n\t\t\n\t\t<figure class=\"wpb_wrapper vc_figure\">\n\t\t\t<a data-rel=\"prettyPhoto[rel-532-294989194]\" href=\"https:\/\/www.ac-tive.cz\/wp-content\/uploads\/2015\/11\/Registr_3-1024x768.jpg\" target=\"_self\" class=\"vc_single_image-wrapper   vc_box_border_grey prettyphoto\"><img loading=\"lazy\" decoding=\"async\" width=\"300\" height=\"225\" src=\"https:\/\/www.ac-tive.cz\/wp-content\/uploads\/2015\/11\/Registr_3-300x225.jpg\" class=\"vc_single_image-img attachment-medium\" alt=\"\" srcset=\"https:\/\/www.ac-tive.cz\/wp-content\/uploads\/2015\/11\/Registr_3-300x225.jpg 300w, https:\/\/www.ac-tive.cz\/wp-content\/uploads\/2015\/11\/Registr_3-1024x768.jpg 1024w, https:\/\/www.ac-tive.cz\/wp-content\/uploads\/2015\/11\/Registr_3-768x576.jpg 768w, https:\/\/www.ac-tive.cz\/wp-content\/uploads\/2015\/11\/Registr_3-1536x1152.jpg 1536w, https:\/\/www.ac-tive.cz\/wp-content\/uploads\/2015\/11\/Registr_3-2048x1536.jpg 2048w, https:\/\/www.ac-tive.cz\/wp-content\/uploads\/2015\/11\/Registr_3-scaled-e1591865535299.jpg 1000w\" sizes=\"auto, (max-width: 300px) 100vw, 300px\" \/><\/a>\n\t\t<\/figure>\n\t<\/div>\n\n                <\/div>\n            <\/div>\n            <div class=\"wpb_column vc_column_container col-sm-1\/5\">\n                <div class=\"wpb_wrapper\">\n\n\t<div  class=\"wpb_single_image wpb_content_element vc_align_left  vc_custom_1589872852795\">\n\t\t\n\t\t<figure class=\"wpb_wrapper vc_figure\">\n\t\t\t<a data-rel=\"prettyPhoto[rel-532-2094692438]\" href=\"https:\/\/www.ac-tive.cz\/wp-content\/uploads\/2015\/11\/Registr_2-1024x768.jpg\" target=\"_self\" class=\"vc_single_image-wrapper   vc_box_border_grey prettyphoto\"><img loading=\"lazy\" decoding=\"async\" width=\"300\" height=\"225\" src=\"https:\/\/www.ac-tive.cz\/wp-content\/uploads\/2015\/11\/Registr_2-300x225.jpg\" class=\"vc_single_image-img attachment-medium\" alt=\"\" srcset=\"https:\/\/www.ac-tive.cz\/wp-content\/uploads\/2015\/11\/Registr_2-300x225.jpg 300w, https:\/\/www.ac-tive.cz\/wp-content\/uploads\/2015\/11\/Registr_2-1024x768.jpg 1024w, https:\/\/www.ac-tive.cz\/wp-content\/uploads\/2015\/11\/Registr_2-768x576.jpg 768w, https:\/\/www.ac-tive.cz\/wp-content\/uploads\/2015\/11\/Registr_2-1536x1152.jpg 1536w, https:\/\/www.ac-tive.cz\/wp-content\/uploads\/2015\/11\/Registr_2-2048x1536.jpg 2048w, https:\/\/www.ac-tive.cz\/wp-content\/uploads\/2015\/11\/Registr_2-scaled-e1591865543589.jpg 1000w\" sizes=\"auto, (max-width: 300px) 100vw, 300px\" \/><\/a>\n\t\t<\/figure>\n\t<\/div>\n\n                <\/div>\n            <\/div>\n\t\t<\/div>\n<\/section>\n\n\n<section class=\"vc_row wpb_row vc_row-fluid vc_custom_1590568558543\">\n\t\t<div class=\"row\">\n            <div class=\"wpb_column vc_column_container col-sm-12\">\n                <div class=\"wpb_wrapper\">\n\n\t<div class=\"wpb_text_column wpb_content_element  vc_custom_1590568780079\" >\n\t\t<div class=\"wpb_wrapper\">\n\t\t\t<h4><strong>Autor a lektor:<\/strong> MUDr. Peter Ol\u0161\u00e1k<\/h4>\n\n\t\t<\/div>\n\t<\/div>\n\n                <\/div>\n            <\/div>\n\t\t<\/div>\n<\/section>\n","protected":false},"excerpt":{"rendered":"Pohled na l\u00e9\u010dbu poruch pohybu v d\u016fsledku po\u0161kozen\u00ed nervov\u00e9ho syst\u00e9mu V\u00a0pr\u016fb\u011bhu l\u00e9\u010den\u00ed pacient\u016f s\u00a0pohybov\u00fdmi poruchami \u010dasto dost\u00e1v\u00e1m dotazy na mo\u017enosti a \u00fa\u010dinnost r\u016fzn\u00fdch postup\u016f ke\u00a0zlep\u0161en\u00ed pohybu. L\u00e9\u010dba se v\u00a0dne\u0161n\u00ed medic\u00edn\u011b prim\u00e1rn\u011b odv\u00edj\u00ed od konkr\u00e9tn\u00ed diagn\u00f3zy, kterou v\u00a0p\u0159\u00edpad\u011b po\u0161kozen\u00ed nervov\u00e9ho syst\u00e9mu ur\u010d\u00ed neurolog. Diagn\u00f3za po\u0161kozen\u00ed centr\u00e1ln\u00edho nervov\u00e9ho syst\u00e9mu se nej\u010dast\u011bji diagnostikuje pomoc\u00ed klinick\u00e9ho vy\u0161et\u0159en\u00ed, zobrazovac\u00edch vy\u0161et\u0159en\u00ed [...]","protected":false},"author":1,"featured_media":0,"parent":0,"menu_order":0,"comment_status":"closed","ping_status":"closed","template":"","meta":{"footnotes":""},"class_list":["post-532","page","type-page","status-publish","hentry"],"aioseo_notices":[],"post_mailing_queue_ids":[],"_links":{"self":[{"href":"https:\/\/www.ac-tive.cz\/cz\/wp-json\/wp\/v2\/pages\/532","targetHints":{"allow":["GET"]}}],"collection":[{"href":"https:\/\/www.ac-tive.cz\/cz\/wp-json\/wp\/v2\/pages"}],"about":[{"href":"https:\/\/www.ac-tive.cz\/cz\/wp-json\/wp\/v2\/types\/page"}],"author":[{"embeddable":true,"href":"https:\/\/www.ac-tive.cz\/cz\/wp-json\/wp\/v2\/users\/1"}],"replies":[{"embeddable":true,"href":"https:\/\/www.ac-tive.cz\/cz\/wp-json\/wp\/v2\/comments?post=532"}],"version-history":[{"count":56,"href":"https:\/\/www.ac-tive.cz\/cz\/wp-json\/wp\/v2\/pages\/532\/revisions"}],"predecessor-version":[{"id":2767,"href":"https:\/\/www.ac-tive.cz\/cz\/wp-json\/wp\/v2\/pages\/532\/revisions\/2767"}],"wp:attachment":[{"href":"https:\/\/www.ac-tive.cz\/cz\/wp-json\/wp\/v2\/media?parent=532"}],"curies":[{"name":"wp","href":"https:\/\/api.w.org\/{rel}","templated":true}]}}