{"id":564,"date":"2015-10-22T07:12:59","date_gmt":"2015-10-22T07:12:59","guid":{"rendered":"https:\/\/plethorathemes.com\/healthx\/?page_id=564"},"modified":"2024-11-20T17:59:07","modified_gmt":"2024-11-20T16:59:07","slug":"doctor-courses","status":"publish","type":"page","link":"https:\/\/www.ac-tive.cz\/cz\/doctor-courses\/","title":{"rendered":"Kurzy pro l\u00e9ka\u0159e"},"content":{"rendered":"\n<section class=\"vc_row wpb_row vc_row-fluid\">\n\t\t<div class=\"row\">\n            <div class=\"wpb_column vc_column_container col-sm-12\">\n                <div class=\"wpb_wrapper\">\n\n\t<div class=\"wpb_text_column wpb_content_element \" >\n\t\t<div class=\"wpb_wrapper\">\n\t\t\t<h2><strong>Podm\u00ednky pro absolvov\u00e1n\u00ed odborn\u00fdch kurz\u016f pro l\u00e9ka\u0159e:<\/strong><\/h2>\n<ul>\n<li style=\"list-style-type: none;\">\n<ul>\n<li style=\"list-style-type: none;\">\n<ul>\n<li style=\"text-align: justify;\">Kurz je ur\u010den pro l\u00e9ka\u0159e, kte\u0159\u00ed ji\u017e absolvovali alespo\u0148 z\u00e1kladn\u00ed kurz akupunktury. Ten v\u00a0pravideln\u00fdch intervalech organizuje <a href=\"https:\/\/www.cls.cz\/spolecnosti-cls-jep?id=1\">\u010cesk\u00e1 l\u00e9ka\u0159sk\u00e1 akupunkturistick\u00e1 spole\u010dnost<\/a>. V\u00a0p\u0159\u00edpad\u011b, \u017ee jste l\u00e9ka\u0159 a chcete se kurzu z\u00fa\u010dastnit, ale nejste absolvent v\u00fd\u0161e uveden\u00e9ho kurzu, je nutn\u00e9 se individu\u00e1ln\u011b domluvit s\u00a0garantem kurzu.<\/li>\n<li style=\"text-align: justify;\">Kurz zam\u011b\u0159en\u00fd na l\u00e9\u010dbu par\u00e9z a spasticity u dosp\u011bl\u00fdch pacient\u016f lze absolvovat a\u017e po ukon\u010den\u00ed z\u00e1kladn\u00edho kurzu.<\/li>\n<\/ul>\n<\/li>\n<\/ul>\n<\/li>\n<\/ul>\n<p><strong>\u00a0<\/strong><\/p>\n<h3><strong>Z\u00e1kladn\u00ed kurz Ac-tive ENF<sup>\u00ae<\/sup> <em>basic<\/em><\/strong><\/h3>\n<ul>\n<li style=\"list-style-type: none;\">\n<ul>\n<li style=\"list-style-type: none;\">\n<ul>\n<li style=\"text-align: justify;\">V\u00a0r\u00e1mci z\u00e1kladn\u00edho kurzu se prob\u00edraj\u00ed mo\u017enosti analgezie pomoc\u00ed metody Ac-tive<sup>\u00ae<\/sup>.<\/li>\n<li style=\"text-align: justify;\">Jsou podrobn\u011b probr\u00e1ny metody elektroakupunktury (tedy aplikac\u00ed elektrick\u00e9ho proudu do akupunkturn\u00edch jehel). D\u016fraz se klade na praktick\u00e9 formy aplikac\u00ed, v\u00fdb\u011br jednotliv\u00fdch drah a bod\u016f. Podrobn\u011b jsou probr\u00e1ny zejm\u00e9na z\u00e1sady bezpe\u010dn\u00e9 aplikace a nej\u010dast\u011bj\u0161\u00ed l\u00e9\u010dba bolestiv\u00fdch stav\u016f v\u00a0ambulantn\u00edch a nemocni\u010dn\u00edch podm\u00ednk\u00e1ch.<\/li>\n<li style=\"text-align: justify;\">Pro \u00fasp\u011b\u0161n\u00e9 absolvov\u00e1n\u00ed kurzu je nutn\u00e9 splnit z\u00e1v\u011bre\u010dn\u00fd test znalost\u00ed. Po absolvov\u00e1n\u00ed kurzu obdr\u017e\u00ed \u00fa\u010dastn\u00edci certifik\u00e1t.<\/li>\n<li style=\"text-align: justify;\">Kurz je rozvr\u017een do 3 dn\u00ed: p\u00e1tek, sobota ned\u011ble.<\/li>\n<li style=\"text-align: justify;\">Za\u010d\u00e1tek kurzu v\u017edy v p\u00e1tek od 15:00, ukon\u010den\u00ed kurzu v ned\u011bli ve 13:00.<\/li>\n<\/ul>\n<\/li>\n<\/ul>\n<\/li>\n<\/ul>\n<p><strong>\u00a0<\/strong><\/p>\n<h3><strong>Pokro\u010dil\u00fd kurz Ac-tive ENF<sup>\u00ae<\/sup> <em>advanced Adults\u00a0<\/em><\/strong><\/h3>\n<ul>\n<li style=\"list-style-type: none;\">\n<ul>\n<li style=\"list-style-type: none;\">\n<ul>\n<li style=\"text-align: justify;\">Kurz zam\u011b\u0159en\u00fd na l\u00e9\u010dbu par\u00e9z a spasticity u dosp\u011bl\u00fdch pacient\u016f navazuje na z\u00e1kladn\u00ed kurz.<\/li>\n<li style=\"text-align: justify;\">\u00da\u010dastn\u00edci budou m\u00edt mo\u017enost se sezn\u00e1mit s\u00a0aplikacemi metodou Ac-tive<sup>\u00ae<\/sup> k l\u00e9\u010db\u011b v\u0161ech typ\u016f paretick\u00fdch stav\u016f. D\u016fraz se klade na praktick\u00e9 aplikace u centr\u00e1ln\u00edch par\u00e9z a tak\u00e9 u po\u0161kozen\u00ed perifern\u00edho nervov\u00e9ho syst\u00e9mu, v\u00fdb\u011br vhodn\u00fdch drah a bod\u016f p\u0159i konkr\u00e9tn\u00edch klinick\u00fdch p\u0159\u00edpadech. D\u00e1le tak\u00e9 vyu\u017eit\u00ed akupunkturn\u00edch mikrosyst\u00e9m\u016f a dal\u0161\u00edch technik k maxim\u00e1ln\u00ed mo\u017en\u00e9 obnov\u011b funk\u010dn\u00ed hybnosti.<\/li>\n<\/ul>\n<\/li>\n<\/ul>\n<\/li>\n<\/ul>\n<p><strong>\u00a0<\/strong><\/p>\n<h3><strong>Pokro\u010dil\u00fd kurz Ac-tive ENF<sup>\u00ae<\/sup> <em>advanced Children<\/em><\/strong><\/h3>\n<ul>\n<li style=\"list-style-type: none;\">\n<ul>\n<li style=\"list-style-type: none;\">\n<ul>\n<li style=\"text-align: justify;\">Kurz zam\u011b\u0159en\u00fd na l\u00e9\u010dbu par\u00e9z a spasticity u d\u011btsk\u00fdch pacient\u016f.<\/li>\n<\/ul>\n<\/li>\n<\/ul>\n<\/li>\n<\/ul>\n\n\t\t<\/div>\n\t<\/div>\n\n                <\/div>\n            <\/div>\n\t\t<\/div>\n<\/section>\n\n\n","protected":false},"excerpt":{"rendered":"Podm\u00ednky pro absolvov\u00e1n\u00ed odborn\u00fdch kurz\u016f pro l\u00e9ka\u0159e: Kurz je ur\u010den pro l\u00e9ka\u0159e, kte\u0159\u00ed ji\u017e absolvovali alespo\u0148 z\u00e1kladn\u00ed kurz akupunktury. Ten v\u00a0pravideln\u00fdch intervalech organizuje \u010cesk\u00e1 l\u00e9ka\u0159sk\u00e1 akupunkturistick\u00e1 spole\u010dnost. V\u00a0p\u0159\u00edpad\u011b, \u017ee jste l\u00e9ka\u0159 a chcete se kurzu z\u00fa\u010dastnit, ale nejste absolvent v\u00fd\u0161e uveden\u00e9ho kurzu, je nutn\u00e9 se individu\u00e1ln\u011b domluvit s\u00a0garantem kurzu. Kurz zam\u011b\u0159en\u00fd na l\u00e9\u010dbu par\u00e9z a [...]","protected":false},"author":1,"featured_media":0,"parent":0,"menu_order":0,"comment_status":"closed","ping_status":"closed","template":"","meta":{"footnotes":""},"class_list":["post-564","page","type-page","status-publish","hentry"],"aioseo_notices":[],"post_mailing_queue_ids":[],"_links":{"self":[{"href":"https:\/\/www.ac-tive.cz\/cz\/wp-json\/wp\/v2\/pages\/564","targetHints":{"allow":["GET"]}}],"collection":[{"href":"https:\/\/www.ac-tive.cz\/cz\/wp-json\/wp\/v2\/pages"}],"about":[{"href":"https:\/\/www.ac-tive.cz\/cz\/wp-json\/wp\/v2\/types\/page"}],"author":[{"embeddable":true,"href":"https:\/\/www.ac-tive.cz\/cz\/wp-json\/wp\/v2\/users\/1"}],"replies":[{"embeddable":true,"href":"https:\/\/www.ac-tive.cz\/cz\/wp-json\/wp\/v2\/comments?post=564"}],"version-history":[{"count":91,"href":"https:\/\/www.ac-tive.cz\/cz\/wp-json\/wp\/v2\/pages\/564\/revisions"}],"predecessor-version":[{"id":2885,"href":"https:\/\/www.ac-tive.cz\/cz\/wp-json\/wp\/v2\/pages\/564\/revisions\/2885"}],"wp:attachment":[{"href":"https:\/\/www.ac-tive.cz\/cz\/wp-json\/wp\/v2\/media?parent=564"}],"curies":[{"name":"wp","href":"https:\/\/api.w.org\/{rel}","templated":true}]}}