{"id":7,"date":"2020-03-02T15:09:29","date_gmt":"2020-03-02T15:09:29","guid":{"rendered":"https:\/\/www.ac-tive.cz\/?page_id=7"},"modified":"2024-05-27T16:26:44","modified_gmt":"2024-05-27T14:26:44","slug":"active-method","status":"publish","type":"page","link":"https:\/\/www.ac-tive.cz\/cz\/active-method\/","title":{"rendered":"Co je metoda Ac-tive ENF \u00ae?"},"content":{"rendered":"\n<section class=\"vc_row wpb_row vc_row-fluid\">\n\t\t<div class=\"row\">\n            <div class=\"wpb_column vc_column_container col-sm-12\">\n                <div class=\"wpb_wrapper\">\n\n\t<div class=\"wpb_text_column wpb_content_element \" >\n\t\t<div class=\"wpb_wrapper\">\n\t\t\t<h2><strong>Metoda Ac-tive ENF<\/strong><strong><sup>\u00ae<\/sup> <\/strong><\/h2>\n<p style=\"text-align: justify;\">Unik\u00e1tn\u00ed metoda pro l\u00e9\u010dbu nervov\u00fdch ochrnut\u00ed vznikla spojen\u00edm l\u00e9ka\u0159sk\u00e9 akupunktury, kter\u00e1 m\u00e1 v\u00a0\u010cesk\u00e9 republice v\u00edce ne\u017e 50 ti letou tradici, a znalost\u00ed fyzik\u00e1ln\u00ed medic\u00edny, kter\u00e1 se vyu\u017e\u00edv\u00e1 v\u00a0rehabilita\u010dn\u00edm l\u00e9ka\u0159stv\u00ed.<\/p>\n<p style=\"text-align: justify;\">Spo\u010d\u00edv\u00e1 v aktivaci akupunkturn\u00edch drah pomoc\u00ed jehel, kter\u00e9 aplikujeme do akupunkturn\u00edch bod\u016f. Do t\u011bchto jehel se pot\u00e9 zav\u00e1d\u00ed elektrick\u00e9 impulzy, kter\u00e9 umo\u017e\u0148uj\u00ed stimulovat cel\u00e9 akupunkturn\u00ed dr\u00e1hy a tak\u00e9 jednotliv\u00e9 akupunkturn\u00ed body v\u00a0m\u00edstech ochrnut\u00fdch \u010d\u00e1st\u00ed t\u011bla.<\/p>\n<p>&nbsp;<\/p>\n<h3><strong>Jak prob\u00edh\u00e1 aplikace metody?<\/strong><\/h3>\n<p style=\"text-align: justify;\">Konkr\u00e9tn\u00ed forma aplikace metody se odv\u00edj\u00ed od typu po\u0161kozen\u00ed nervov\u00fdch struktur, p\u0159\u00edpadn\u011b od typu bolesti. Nejd\u0159\u00edve prob\u00edh\u00e1 diagnostika a n\u00e1sledn\u011b l\u00e9\u010dba po\u0161kozen\u00fdch \u010d\u00e1st\u00ed. P\u0159i aplikaci se intenzita proudu odv\u00edj\u00ed od konkr\u00e9tn\u00edho pacienta a jeho subjektivn\u00edho vn\u00edm\u00e1n\u00ed. Tedy intenzitu stimulace akupunkturn\u00edch drah a bod\u016f neur\u010duje l\u00e9ka\u0159, ale pacient. T\u00edmto zp\u016fsobem se d\u00e1 zajistit maxim\u00e1ln\u00ed komfort pacienta, aby mu aplikace nebyla nep\u0159\u00edjemn\u00e1.<\/p>\n<p>&nbsp;<\/p>\n<h3><strong>Komu je metoda Ac-tive ENF<\/strong><strong><sup>\u00ae<\/sup><\/strong><strong> ur\u010den\u00e1?<\/strong><\/h3>\n<p><strong>\u00a0<\/strong><\/p>\n<p style=\"text-align: justify;\"><strong>Je ur\u010den\u00e1 v\u0161em lidem, kte\u0159\u00ed ztratili mo\u017enost pohybovat n\u011bkterou \u010d\u00e1st\u00ed sv\u00e9ho t\u011bla. Nej\u010dast\u011bji se pou\u017e\u00edv\u00e1 k\u00a0obnov\u011b hybnosti:<\/strong><\/p>\n<ol>\n<li style=\"list-style-type: none;\">\n<ol>\n<li style=\"list-style-type: none;\">\n<ol>\n<li>Po c\u00e9vn\u00edch mozkov\u00fdch p\u0159\u00edhod\u00e1ch (mrtvic\u00edch)<\/li>\n<li>Po poran\u011bn\u00ed m\u00edchy (spin\u00e1ln\u00ed l\u00e9ze)<\/li>\n<li>Po operac\u00edch mozku<\/li>\n<li>Po \u00farazu hlavy s\u00a0po\u0161kozen\u00edm mozku (kraniotraumatech)<\/li>\n<li>V\u00a0d\u016fsledku neuropatie u pacient\u016f s\u00a0roztrou\u0161enou skler\u00f3zou.<\/li>\n<li>Po poran\u011bn\u00ed perifern\u00edch nerv\u016f\u00a0(nap\u0159. par\u00e9za n. facialis \u2013 licn\u00edho nervu)<\/li>\n<li>U d\u011bt\u00ed po poporodn\u00ed par\u00e9ze brachi\u00e1ln\u00edho plexu<\/li>\n<li>U pacient\u016f s\u00a0d\u011btskou mozkovou obrnou<\/li>\n<li>K\u00a0l\u00e9\u010db\u011b spasticity u pacient\u016f po poran\u011bn\u00ed centr\u00e1ln\u00edho nervov\u00e9ho syst\u00e9mu<\/li>\n<li>K\u00a0l\u00e9\u010db\u011b poruchy kontinence<\/li>\n<\/ol>\n<\/li>\n<\/ol>\n<\/li>\n<\/ol>\n<p><strong>\u00a0<\/strong><\/p>\n<p style=\"text-align: justify;\"><strong>D\u00e1le je ur\u010den\u00e1 v\u0161em pacient\u016fm s\u00a0bolestmi pohybov\u00e9ho apar\u00e1tu a jin\u00fdch typ\u016f bolest\u00ed a to zejm\u00e9na v\u00a0t\u011bchto p\u0159\u00edpadech:<\/strong><\/p>\n<ol>\n<li style=\"list-style-type: none;\">\n<ol>\n<li style=\"list-style-type: none;\">\n<ol>\n<li>Entezopatie &#8211; nap\u0159. tzv. tenisov\u00fd loket (later\u00e1ln\u00ed epikondylitis), golfov\u00fd loket (medi\u00e1ln\u00ed epikondylitis), patn\u00ed ostruha (plant\u00e1rn\u00ed fascitis) apod.<\/li>\n<li>Bolesti velk\u00fdch kloub\u016f (bolesti ramenn\u00edho pletence, loketn\u00edho kloubu, kolenn\u00edho kloubu atd.)<\/li>\n<li>Bolesti p\u00e1te\u0159e<\/li>\n<li>Chronick\u00e9 bolesti nap\u0159. u revmatoidn\u00ed artritidy, fibromyalgick\u00e9ho syndromu atd.<\/li>\n<li>Bolesti vznikl\u00e9 v\u00a0souvislosti s\u00a0onkologick\u00fdm onemocn\u011bn\u00edm<\/li>\n<\/ol>\n<\/li>\n<\/ol>\n<\/li>\n<\/ol>\n<h3>\u00a0<\/h3>\n<h3><strong>Kr\u00e1tce o na\u0161\u00ed alma mater<\/strong><\/h3>\n<p style=\"text-align: justify;\">Univerzita Palack\u00e9ho v Olomouci je vysok\u00e1 \u0161kola s dlouhou tradic\u00ed. Byla zalo\u017eena ji\u017e v 16. stolet\u00ed a je tak nejstar\u0161\u00ed vysokou \u0161kolou na Morav\u011b a druhou nejstar\u0161\u00ed v \u010cesk\u00e9 republice. V sou\u010dasnosti p\u0159edstavuje modern\u00ed vzd\u011bl\u00e1vac\u00ed instituci se \u0161irokou nab\u00eddkou studijn\u00edch obor\u016f a bohatou v\u011bdeckou \u010dinnost\u00ed. Na jej\u00edch osmi fakult\u00e1ch studuje 20 395 student\u016f v akreditovan\u00fdch studijn\u00edch programech (\u00fadaj z roku 2017). Univerzita Palack\u00e9ho pat\u0159\u00ed podle mezin\u00e1rodn\u00edch \u017eeb\u0159\u00ed\u010dk\u016f mezi nejl\u00e9pe hodnocen\u00e9 \u010desk\u00e9 univerzity a vede si velmi dob\u0159e i ve srovn\u00e1n\u00ed se zahrani\u010dn\u00edmi univerzitami.<\/p>\n<p>\u00a0<\/p>\n\n\t\t<\/div>\n\t<\/div>\n\n                <\/div>\n            <\/div>\n\t\t<\/div>\n<\/section>\n\n","protected":false},"excerpt":{"rendered":"Metoda Ac-tive ENF\u00ae Unik\u00e1tn\u00ed metoda pro l\u00e9\u010dbu nervov\u00fdch ochrnut\u00ed vznikla spojen\u00edm l\u00e9ka\u0159sk\u00e9 akupunktury, kter\u00e1 m\u00e1 v\u00a0\u010cesk\u00e9 republice v\u00edce ne\u017e 50 ti letou tradici, a znalost\u00ed fyzik\u00e1ln\u00ed medic\u00edny, kter\u00e1 se vyu\u017e\u00edv\u00e1 v\u00a0rehabilita\u010dn\u00edm l\u00e9ka\u0159stv\u00ed. Spo\u010d\u00edv\u00e1 v aktivaci akupunkturn\u00edch drah pomoc\u00ed jehel, kter\u00e9 aplikujeme do akupunkturn\u00edch bod\u016f. Do t\u011bchto jehel se pot\u00e9 zav\u00e1d\u00ed elektrick\u00e9 impulzy, kter\u00e9 umo\u017e\u0148uj\u00ed stimulovat [...]","protected":false},"author":1,"featured_media":0,"parent":0,"menu_order":0,"comment_status":"closed","ping_status":"closed","template":"","meta":{"footnotes":""},"class_list":["post-7","page","type-page","status-publish","hentry"],"aioseo_notices":[],"post_mailing_queue_ids":[],"_links":{"self":[{"href":"https:\/\/www.ac-tive.cz\/cz\/wp-json\/wp\/v2\/pages\/7","targetHints":{"allow":["GET"]}}],"collection":[{"href":"https:\/\/www.ac-tive.cz\/cz\/wp-json\/wp\/v2\/pages"}],"about":[{"href":"https:\/\/www.ac-tive.cz\/cz\/wp-json\/wp\/v2\/types\/page"}],"author":[{"embeddable":true,"href":"https:\/\/www.ac-tive.cz\/cz\/wp-json\/wp\/v2\/users\/1"}],"replies":[{"embeddable":true,"href":"https:\/\/www.ac-tive.cz\/cz\/wp-json\/wp\/v2\/comments?post=7"}],"version-history":[{"count":23,"href":"https:\/\/www.ac-tive.cz\/cz\/wp-json\/wp\/v2\/pages\/7\/revisions"}],"predecessor-version":[{"id":2765,"href":"https:\/\/www.ac-tive.cz\/cz\/wp-json\/wp\/v2\/pages\/7\/revisions\/2765"}],"wp:attachment":[{"href":"https:\/\/www.ac-tive.cz\/cz\/wp-json\/wp\/v2\/media?parent=7"}],"curies":[{"name":"wp","href":"https:\/\/api.w.org\/{rel}","templated":true}]}}