{"id":2488,"date":"2020-05-27T07:14:40","date_gmt":"2020-05-27T07:14:40","guid":{"rendered":"https:\/\/www.ac-tive.cz\/?page_id=2488"},"modified":"2020-05-27T08:09:11","modified_gmt":"2020-05-27T08:09:11","slug":"application-and-results","status":"publish","type":"page","link":"https:\/\/www.ac-tive.cz\/en\/application-and-results\/","title":{"rendered":"Options of application and results"},"content":{"rendered":"<section class=\"vc_row wpb_row vc_row-fluid\">\n\t\t<div class=\"row\">\n            <div class=\"wpb_column vc_column_container col-sm-12\">\n                <div class=\"wpb_wrapper\">\n\n\t<div class=\"wpb_text_column wpb_content_element\" >\n\t\t<div class=\"wpb_wrapper\">\n\t\t\t<h2>Application at child patient<\/h2>\n\n\t\t<\/div>\n\t<\/div>\n\n                <\/div>\n            <\/div>\n\t\t<\/div>\n<\/section>\n\n\n<section class=\"vc_row wpb_row vc_row-fluid vc_custom_1590566635686\">\n\t\t<div class=\"row\">\n            <div class=\"wpb_column vc_column_container col-sm-3 vc_custom_1589872801185\">\n                <div class=\"wpb_wrapper\">\n\n\t<div  class=\"wpb_single_image wpb_content_element vc_align_left\">\n\t\t\n\t\t<figure class=\"wpb_wrapper vc_figure\">\n\t\t\t<a data-rel=\"prettyPhoto[rel-2488-3310852619]\" href=\"https:\/\/www.ac-tive.cz\/wp-content\/uploads\/2020\/05\/P1010613-1024x768.jpg\" target=\"_self\" class=\"vc_single_image-wrapper   vc_box_border_grey prettyphoto\"><img loading=\"lazy\" decoding=\"async\" width=\"300\" height=\"225\" src=\"https:\/\/www.ac-tive.cz\/wp-content\/uploads\/2020\/05\/P1010613-300x225.jpg\" class=\"vc_single_image-img attachment-medium\" alt=\"\" srcset=\"https:\/\/www.ac-tive.cz\/wp-content\/uploads\/2020\/05\/P1010613-300x225.jpg 300w, https:\/\/www.ac-tive.cz\/wp-content\/uploads\/2020\/05\/P1010613-1024x768.jpg 1024w, https:\/\/www.ac-tive.cz\/wp-content\/uploads\/2020\/05\/P1010613-768x576.jpg 768w, https:\/\/www.ac-tive.cz\/wp-content\/uploads\/2020\/05\/P1010613-1536x1152.jpg 1536w, https:\/\/www.ac-tive.cz\/wp-content\/uploads\/2020\/05\/P1010613-2048x1536.jpg 2048w, https:\/\/www.ac-tive.cz\/wp-content\/uploads\/2020\/05\/P1010613-scaled-e1591865501693.jpg 1000w\" sizes=\"auto, (max-width: 300px) 100vw, 300px\" \/><\/a>\n\t\t<\/figure>\n\t<\/div>\n\n                <\/div>\n            <\/div>\n            <div class=\"wpb_column vc_column_container col-sm-3 vc_custom_1589872824408\">\n                <div class=\"wpb_wrapper\">\n\n\t<div  class=\"wpb_single_image wpb_content_element vc_align_left\">\n\t\t\n\t\t<figure class=\"wpb_wrapper vc_figure\">\n\t\t\t<a data-rel=\"prettyPhoto[rel-2488-3659957320]\" href=\"https:\/\/www.ac-tive.cz\/wp-content\/uploads\/2020\/05\/P1010745-1024x768.jpg\" target=\"_self\" class=\"vc_single_image-wrapper   vc_box_border_grey prettyphoto\"><img loading=\"lazy\" decoding=\"async\" width=\"300\" height=\"225\" src=\"https:\/\/www.ac-tive.cz\/wp-content\/uploads\/2020\/05\/P1010745-300x225.jpg\" class=\"vc_single_image-img attachment-medium\" alt=\"\" srcset=\"https:\/\/www.ac-tive.cz\/wp-content\/uploads\/2020\/05\/P1010745-300x225.jpg 300w, https:\/\/www.ac-tive.cz\/wp-content\/uploads\/2020\/05\/P1010745-1024x768.jpg 1024w, https:\/\/www.ac-tive.cz\/wp-content\/uploads\/2020\/05\/P1010745-768x576.jpg 768w, https:\/\/www.ac-tive.cz\/wp-content\/uploads\/2020\/05\/P1010745-1536x1152.jpg 1536w, https:\/\/www.ac-tive.cz\/wp-content\/uploads\/2020\/05\/P1010745-2048x1536.jpg 2048w, https:\/\/www.ac-tive.cz\/wp-content\/uploads\/2020\/05\/P1010745-scaled-e1591865494552.jpg 1000w\" sizes=\"auto, (max-width: 300px) 100vw, 300px\" \/><\/a>\n\t\t<\/figure>\n\t<\/div>\n\n                <\/div>\n            <\/div>\n            <div class=\"wpb_column vc_column_container col-sm-3\">\n                <div class=\"wpb_wrapper\">\n\n\t<div  class=\"wpb_single_image wpb_content_element vc_align_left  vc_custom_1590566731993\">\n\t\t\n\t\t<figure class=\"wpb_wrapper vc_figure\">\n\t\t\t<a data-rel=\"prettyPhoto[rel-2488-3436993546]\" href=\"https:\/\/www.ac-tive.cz\/wp-content\/uploads\/2020\/05\/P1010975-1024x768.jpg\" target=\"_self\" class=\"vc_single_image-wrapper   vc_box_border_grey prettyphoto\"><img loading=\"lazy\" decoding=\"async\" width=\"300\" height=\"225\" src=\"https:\/\/www.ac-tive.cz\/wp-content\/uploads\/2020\/05\/P1010975-300x225.jpg\" class=\"vc_single_image-img attachment-medium\" alt=\"\" srcset=\"https:\/\/www.ac-tive.cz\/wp-content\/uploads\/2020\/05\/P1010975-300x225.jpg 300w, https:\/\/www.ac-tive.cz\/wp-content\/uploads\/2020\/05\/P1010975-1024x768.jpg 1024w, https:\/\/www.ac-tive.cz\/wp-content\/uploads\/2020\/05\/P1010975-768x576.jpg 768w, https:\/\/www.ac-tive.cz\/wp-content\/uploads\/2020\/05\/P1010975-1536x1152.jpg 1536w, https:\/\/www.ac-tive.cz\/wp-content\/uploads\/2020\/05\/P1010975-2048x1536.jpg 2048w, https:\/\/www.ac-tive.cz\/wp-content\/uploads\/2020\/05\/P1010975-scaled-e1591865442787.jpg 1000w\" sizes=\"auto, (max-width: 300px) 100vw, 300px\" \/><\/a>\n\t\t<\/figure>\n\t<\/div>\n\n                <\/div>\n            <\/div>\n            <div class=\"wpb_column vc_column_container col-sm-3 vc_custom_1589872842959\">\n                <div class=\"wpb_wrapper\">\n\n\t<div  class=\"wpb_single_image wpb_content_element vc_align_left\">\n\t\t\n\t\t<figure class=\"wpb_wrapper vc_figure\">\n\t\t\t<a data-rel=\"prettyPhoto[rel-2488-3573162783]\" href=\"https:\/\/www.ac-tive.cz\/wp-content\/uploads\/2020\/05\/P1010770-1024x768.jpg\" target=\"_self\" class=\"vc_single_image-wrapper   vc_box_border_grey prettyphoto\"><img loading=\"lazy\" decoding=\"async\" width=\"300\" height=\"225\" src=\"https:\/\/www.ac-tive.cz\/wp-content\/uploads\/2020\/05\/P1010770-300x225.jpg\" class=\"vc_single_image-img attachment-medium\" alt=\"\" srcset=\"https:\/\/www.ac-tive.cz\/wp-content\/uploads\/2020\/05\/P1010770-300x225.jpg 300w, https:\/\/www.ac-tive.cz\/wp-content\/uploads\/2020\/05\/P1010770-1024x768.jpg 1024w, https:\/\/www.ac-tive.cz\/wp-content\/uploads\/2020\/05\/P1010770-768x576.jpg 768w, https:\/\/www.ac-tive.cz\/wp-content\/uploads\/2020\/05\/P1010770-1536x1152.jpg 1536w, https:\/\/www.ac-tive.cz\/wp-content\/uploads\/2020\/05\/P1010770-2048x1536.jpg 2048w, https:\/\/www.ac-tive.cz\/wp-content\/uploads\/2020\/05\/P1010770-scaled-e1591865479985.jpg 1000w\" sizes=\"auto, (max-width: 300px) 100vw, 300px\" \/><\/a>\n\t\t<\/figure>\n\t<\/div>\n\n                <\/div>\n            <\/div>\n\t\t<\/div>\n<\/section>\n\n\n<section class=\"vc_row wpb_row vc_row-fluid vc_custom_1590566815171\">\n\t\t<div class=\"row\">\n            <div class=\"wpb_column vc_column_container col-sm-12\">\n                <div class=\"wpb_wrapper\">\n\n\t<div class=\"wpb_text_column wpb_content_element\" >\n\t\t<div class=\"wpb_wrapper\">\n\t\t\t<h2>Application at adult patient<\/h2>\n\n\t\t<\/div>\n\t<\/div>\n\n                <\/div>\n            <\/div>\n\t\t<\/div>\n<\/section>\n\n\n<section class=\"vc_row wpb_row vc_row-fluid vc_custom_1590566635686\">\n\t\t<div class=\"row\">\n            <div class=\"wpb_column vc_column_container col-sm-3 vc_custom_1589872801185\">\n                <div class=\"wpb_wrapper\">\n\n\t<div  class=\"wpb_single_image wpb_content_element vc_align_left\">\n\t\t\n\t\t<figure class=\"wpb_wrapper vc_figure\">\n\t\t\t<a data-rel=\"prettyPhoto[rel-2488-505668491]\" href=\"https:\/\/www.ac-tive.cz\/wp-content\/uploads\/2020\/05\/pro-pacienty-active-1024x768.jpg\" target=\"_self\" class=\"vc_single_image-wrapper   vc_box_border_grey prettyphoto\"><img loading=\"lazy\" decoding=\"async\" width=\"300\" height=\"225\" src=\"https:\/\/www.ac-tive.cz\/wp-content\/uploads\/2020\/05\/pro-pacienty-active-300x225.jpg\" class=\"vc_single_image-img attachment-medium\" alt=\"\" srcset=\"https:\/\/www.ac-tive.cz\/wp-content\/uploads\/2020\/05\/pro-pacienty-active-300x225.jpg 300w, https:\/\/www.ac-tive.cz\/wp-content\/uploads\/2020\/05\/pro-pacienty-active-1024x768.jpg 1024w, https:\/\/www.ac-tive.cz\/wp-content\/uploads\/2020\/05\/pro-pacienty-active-768x576.jpg 768w, https:\/\/www.ac-tive.cz\/wp-content\/uploads\/2020\/05\/pro-pacienty-active-1536x1152.jpg 1536w, https:\/\/www.ac-tive.cz\/wp-content\/uploads\/2020\/05\/pro-pacienty-active-2048x1536.jpg 2048w, https:\/\/www.ac-tive.cz\/wp-content\/uploads\/2020\/05\/pro-pacienty-active-scaled-e1589870997462.jpg 1000w\" sizes=\"auto, (max-width: 300px) 100vw, 300px\" \/><\/a>\n\t\t<\/figure>\n\t<\/div>\n\n                <\/div>\n            <\/div>\n            <div class=\"wpb_column vc_column_container col-sm-3 vc_custom_1589872824408\">\n                <div class=\"wpb_wrapper\">\n\n\t<div  class=\"wpb_single_image wpb_content_element vc_align_left\">\n\t\t\n\t\t<figure class=\"wpb_wrapper vc_figure\">\n\t\t\t<a data-rel=\"prettyPhoto[rel-2488-3371738928]\" href=\"https:\/\/www.ac-tive.cz\/wp-content\/uploads\/2020\/05\/akupunkturn\u00ed-jehla-1024x768.jpg\" target=\"_self\" class=\"vc_single_image-wrapper   vc_box_border_grey prettyphoto\"><img loading=\"lazy\" decoding=\"async\" width=\"300\" height=\"225\" src=\"https:\/\/www.ac-tive.cz\/wp-content\/uploads\/2020\/05\/akupunkturn\u00ed-jehla-300x225.jpg\" class=\"vc_single_image-img attachment-medium\" alt=\"\" srcset=\"https:\/\/www.ac-tive.cz\/wp-content\/uploads\/2020\/05\/akupunkturn\u00ed-jehla-300x225.jpg 300w, https:\/\/www.ac-tive.cz\/wp-content\/uploads\/2020\/05\/akupunkturn\u00ed-jehla-1024x768.jpg 1024w, https:\/\/www.ac-tive.cz\/wp-content\/uploads\/2020\/05\/akupunkturn\u00ed-jehla-768x576.jpg 768w, https:\/\/www.ac-tive.cz\/wp-content\/uploads\/2020\/05\/akupunkturn\u00ed-jehla-1536x1152.jpg 1536w, https:\/\/www.ac-tive.cz\/wp-content\/uploads\/2020\/05\/akupunkturn\u00ed-jehla-2048x1536.jpg 2048w, https:\/\/www.ac-tive.cz\/wp-content\/uploads\/2020\/05\/akupunkturn\u00ed-jehla-scaled-e1591865509305.jpg 1000w\" sizes=\"auto, (max-width: 300px) 100vw, 300px\" \/><\/a>\n\t\t<\/figure>\n\t<\/div>\n\n                <\/div>\n            <\/div>\n            <div class=\"wpb_column vc_column_container col-sm-3\">\n                <div class=\"wpb_wrapper\">\n\n\t<div  class=\"wpb_single_image wpb_content_element vc_align_left  vc_custom_1590566770561\">\n\t\t\n\t\t<figure class=\"wpb_wrapper vc_figure\">\n\t\t\t<a data-rel=\"prettyPhoto[rel-2488-2888138164]\" href=\"https:\/\/www.ac-tive.cz\/wp-content\/uploads\/2020\/05\/P5050495-1024x768.jpg\" target=\"_self\" class=\"vc_single_image-wrapper   vc_box_border_grey prettyphoto\"><img loading=\"lazy\" decoding=\"async\" width=\"300\" height=\"225\" src=\"https:\/\/www.ac-tive.cz\/wp-content\/uploads\/2020\/05\/P5050495-300x225.jpg\" class=\"vc_single_image-img attachment-medium\" alt=\"\" srcset=\"https:\/\/www.ac-tive.cz\/wp-content\/uploads\/2020\/05\/P5050495-300x225.jpg 300w, https:\/\/www.ac-tive.cz\/wp-content\/uploads\/2020\/05\/P5050495-1024x768.jpg 1024w, https:\/\/www.ac-tive.cz\/wp-content\/uploads\/2020\/05\/P5050495-768x576.jpg 768w, https:\/\/www.ac-tive.cz\/wp-content\/uploads\/2020\/05\/P5050495-1536x1152.jpg 1536w, https:\/\/www.ac-tive.cz\/wp-content\/uploads\/2020\/05\/P5050495-2048x1536.jpg 2048w, https:\/\/www.ac-tive.cz\/wp-content\/uploads\/2020\/05\/P5050495-scaled-e1591865344278.jpg 1000w\" sizes=\"auto, (max-width: 300px) 100vw, 300px\" \/><\/a>\n\t\t<\/figure>\n\t<\/div>\n\n                <\/div>\n            <\/div>\n            <div class=\"wpb_column vc_column_container col-sm-3 vc_custom_1589872842959\">\n                <div class=\"wpb_wrapper\">\n\n\t<div  class=\"wpb_single_image wpb_content_element vc_align_left\">\n\t\t\n\t\t<figure class=\"wpb_wrapper vc_figure\">\n\t\t\t<a data-rel=\"prettyPhoto[rel-2488-1402937021]\" href=\"https:\/\/www.ac-tive.cz\/wp-content\/uploads\/2020\/05\/P5050308-1024x768.jpg\" target=\"_self\" class=\"vc_single_image-wrapper   vc_box_border_grey prettyphoto\"><img loading=\"lazy\" decoding=\"async\" width=\"300\" height=\"225\" src=\"https:\/\/www.ac-tive.cz\/wp-content\/uploads\/2020\/05\/P5050308-300x225.jpg\" class=\"vc_single_image-img attachment-medium\" alt=\"\" srcset=\"https:\/\/www.ac-tive.cz\/wp-content\/uploads\/2020\/05\/P5050308-300x225.jpg 300w, https:\/\/www.ac-tive.cz\/wp-content\/uploads\/2020\/05\/P5050308-1024x768.jpg 1024w, https:\/\/www.ac-tive.cz\/wp-content\/uploads\/2020\/05\/P5050308-768x576.jpg 768w, https:\/\/www.ac-tive.cz\/wp-content\/uploads\/2020\/05\/P5050308-1536x1152.jpg 1536w, https:\/\/www.ac-tive.cz\/wp-content\/uploads\/2020\/05\/P5050308-2048x1536.jpg 2048w, https:\/\/www.ac-tive.cz\/wp-content\/uploads\/2020\/05\/P5050308-scaled-e1591865355806.jpg 1000w\" sizes=\"auto, (max-width: 300px) 100vw, 300px\" \/><\/a>\n\t\t<\/figure>\n\t<\/div>\n\n                <\/div>\n            <\/div>\n\t\t<\/div>\n<\/section>","protected":false},"excerpt":{"rendered":"Aplikace u d\u011btsk\u00e9ho pacienta Aplikace u dosp\u011bl\u00e9ho pacienta","protected":false},"author":1,"featured_media":0,"parent":0,"menu_order":0,"comment_status":"closed","ping_status":"closed","template":"","meta":{"footnotes":""},"class_list":["post-2488","page","type-page","status-publish","hentry"],"aioseo_notices":[],"post_mailing_queue_ids":[],"_links":{"self":[{"href":"https:\/\/www.ac-tive.cz\/en\/wp-json\/wp\/v2\/pages\/2488","targetHints":{"allow":["GET"]}}],"collection":[{"href":"https:\/\/www.ac-tive.cz\/en\/wp-json\/wp\/v2\/pages"}],"about":[{"href":"https:\/\/www.ac-tive.cz\/en\/wp-json\/wp\/v2\/types\/page"}],"author":[{"embeddable":true,"href":"https:\/\/www.ac-tive.cz\/en\/wp-json\/wp\/v2\/users\/1"}],"replies":[{"embeddable":true,"href":"https:\/\/www.ac-tive.cz\/en\/wp-json\/wp\/v2\/comments?post=2488"}],"version-history":[{"count":24,"href":"https:\/\/www.ac-tive.cz\/en\/wp-json\/wp\/v2\/pages\/2488\/revisions"}],"predecessor-version":[{"id":2525,"href":"https:\/\/www.ac-tive.cz\/en\/wp-json\/wp\/v2\/pages\/2488\/revisions\/2525"}],"wp:attachment":[{"href":"https:\/\/www.ac-tive.cz\/en\/wp-json\/wp\/v2\/media?parent=2488"}],"curies":[{"name":"wp","href":"https:\/\/api.w.org\/{rel}","templated":true}]}}