{"id":2797,"date":"2024-06-20T15:49:37","date_gmt":"2024-06-20T13:49:37","guid":{"rendered":"https:\/\/www.ac-tive.cz\/?page_id=2797"},"modified":"2026-03-30T15:09:21","modified_gmt":"2026-03-30T13:09:21","slug":"terminy-kurzu","status":"publish","type":"page","link":"https:\/\/www.ac-tive.cz\/en\/terminy-kurzu\/","title":{"rendered":"Course dates"},"content":{"rendered":"<section class=\"vc_row wpb_row vc_row-fluid\">\n\t\t<div class=\"row\">\n            <div class=\"wpb_column vc_column_container col-sm-12\">\n                <div class=\"wpb_wrapper\">\n<div class=\"vc_empty_space\"   style=\"height: 64px\"><span class=\"vc_empty_space_inner\"><\/span><\/div>\n\t<div class=\"wpb_text_column wpb_content_element\" >\n\t\t<div class=\"wpb_wrapper\">\n\t\t\t<p style=\"text-align: center;\">Kurz elektroakupunktury AC-TIVE ENF BASIC, Brno, term\u00edn 22.-24.5.2026 (obsazen)<\/p>\n<p style=\"text-align: center;\">Laserakupunktura a akupunktura se zam\u011b\u0159en\u00edm na imunitn\u00ed syst\u00e9m, Brno, term\u00edn 30.5.2026 (obsazen)<\/p>\n<h4 style=\"text-align: center;\"><a href=\"\/wp-content\/uploads\/2026\/01\/Pozvanka-Advanced-Brno-cerven-2026.pdf\">Kurz elektroakupunktury AC-TIVE ENF ADVANCED, Brno, term\u00edn 26.-28.6.2026<\/a><\/h4>\n<h4 style=\"text-align: center;\"><a href=\"\/wp-content\/uploads\/2026\/03\/ELAKUpozvanka-basic2026_zari.pdf\">Kurz elektroakupunktury AC-TIVE ENF BASIC, \u00dast\u00ed nad Orlic\u00ed, term\u00edn 18.-20.9.2026<\/a><\/h4>\n<h4 style=\"text-align: center;\"><a href=\"\/wp-content\/uploads\/2026\/03\/Spinalni-pacienti_ADL_podzim.pdf\">Vy\u0161et\u0159en\u00ed a facilita\u010dn\u00ed techniky u spin\u00e1ln\u00edch pacient\u016f metodou AC-TIVE ENF, \u00dast\u00ed nad Orlic\u00ed, 17.-18.10.2026<\/a><\/h4>\n<h4 style=\"text-align: center;\"><a href=\"\/wp-content\/uploads\/2026\/03\/Pozvanka-children-refresh.pdf\">Kurz elektroakupunktury AC-TIVE ENF CHILDREN + refresh, \u00dast\u00ed nad Orlic\u00ed, term\u00edn 21.-22.11.2026<\/a><\/h4>\n<h4 style=\"text-align: center;\"><a href=\"\/wp-content\/uploads\/2026\/02\/2026-2027_kurz_zakl.aku_.Olomouc-pozvanka.pdf\">Kurz z\u00e1kladn\u00ed akupunktury pro l\u00e9ka\u0159e 2026-2027<\/a><\/h4>\n<h4 style=\"text-align: center;\"><a href=\"\/wp-content\/uploads\/2026\/02\/2026_akt.9.2.Postgradualni_vzdelavani_v_akupunkture.pdf\">Postgradu\u00e1ln\u00ed vzd\u011bl\u00e1v\u00e1n\u00ed v roce 2026 &#8211; obecn\u00fd p\u0159ehled<\/a><\/h4>\n<p>&nbsp;<\/p>\n<p style=\"text-align: center; font-size: 11px;\"><b>Nov\u011b:<\/b> Z\u00e1vazn\u00e9 p\u0159ihl\u00e1\u0161en\u00ed na jednotliv\u00e9 kurzy je nov\u011b mo\u017en\u00e9 pouze prost\u0159ednictv\u00edm <a href=\"\/wp-content\/uploads\/2026\/02\/2026_02_06_Registracni_formular_vsechny_kurzy_WEB.xlsx\">registra\u010dn\u00edho formul\u00e1\u0159e<\/a> a jeho zasl\u00e1n\u00ed na e-mailovou adresu <a href=\"mailto:edu@sc-rehabilitace.cz\">edu@sc-rehabilitace.cz<\/a><\/p>\n\n\t\t<\/div>\n\t<\/div>\n\n                <\/div>\n            <\/div>\n\t\t<\/div>\n<\/section>","protected":false},"excerpt":{"rendered":"Kurz elektroakupunktury AC-TIVE ENF BASIC, Brno, term\u00edn 22.-24.5.2026 (obsazen) Laserakupunktura a akupunktura se zam\u011b\u0159en\u00edm na imunitn\u00ed syst\u00e9m, Brno, term\u00edn 30.5.2026 (obsazen) Kurz elektroakupunktury AC-TIVE ENF ADVANCED, Brno, term\u00edn 26.-28.6.2026 Kurz elektroakupunktury AC-TIVE ENF BASIC, \u00dast\u00ed nad Orlic\u00ed, term\u00edn 18.-20.9.2026 Vy\u0161et\u0159en\u00ed a facilita\u010dn\u00ed techniky u spin\u00e1ln\u00edch pacient\u016f metodou AC-TIVE ENF, \u00dast\u00ed nad Orlic\u00ed, 17.-18.10.2026 Kurz elektroakupunktury [...]","protected":false},"author":9,"featured_media":0,"parent":0,"menu_order":0,"comment_status":"closed","ping_status":"closed","template":"","meta":{"footnotes":""},"class_list":["post-2797","page","type-page","status-publish","hentry"],"aioseo_notices":[],"post_mailing_queue_ids":[],"_links":{"self":[{"href":"https:\/\/www.ac-tive.cz\/en\/wp-json\/wp\/v2\/pages\/2797","targetHints":{"allow":["GET"]}}],"collection":[{"href":"https:\/\/www.ac-tive.cz\/en\/wp-json\/wp\/v2\/pages"}],"about":[{"href":"https:\/\/www.ac-tive.cz\/en\/wp-json\/wp\/v2\/types\/page"}],"author":[{"embeddable":true,"href":"https:\/\/www.ac-tive.cz\/en\/wp-json\/wp\/v2\/users\/9"}],"replies":[{"embeddable":true,"href":"https:\/\/www.ac-tive.cz\/en\/wp-json\/wp\/v2\/comments?post=2797"}],"version-history":[{"count":37,"href":"https:\/\/www.ac-tive.cz\/en\/wp-json\/wp\/v2\/pages\/2797\/revisions"}],"predecessor-version":[{"id":3146,"href":"https:\/\/www.ac-tive.cz\/en\/wp-json\/wp\/v2\/pages\/2797\/revisions\/3146"}],"wp:attachment":[{"href":"https:\/\/www.ac-tive.cz\/en\/wp-json\/wp\/v2\/media?parent=2797"}],"curies":[{"name":"wp","href":"https:\/\/api.w.org\/{rel}","templated":true}]}}