{"id":2862,"date":"2024-11-07T15:33:07","date_gmt":"2024-11-07T14:33:07","guid":{"rendered":"https:\/\/www.ac-tive.cz\/?page_id=2862"},"modified":"2026-02-27T16:37:48","modified_gmt":"2026-02-27T15:37:48","slug":"nadacni-fond","status":"publish","type":"page","link":"https:\/\/www.ac-tive.cz\/en\/nadacni-fond\/","title":{"rendered":"Endowment Fund"},"content":{"rendered":"<section class=\"vc_row wpb_row vc_row-fluid\">\n\t\t<div class=\"row\">\n            <div class=\"wpb_column vc_column_container col-sm-12\">\n                <div class=\"wpb_wrapper\">\n\n\t<div class=\"wpb_text_column wpb_content_element\" >\n\t\t<div class=\"wpb_wrapper\">\n\t\t\t<p><a href=\"\/wp-content\/uploads\/2026\/02\/2025_Zprava-Nadacni-fond_akt.23.2.2026.pdf\"><b>Zpr\u00e1va Nada\u010dn\u00edho fondu za rok 2025<\/b><\/a><\/p>\n<p>&nbsp;<\/p>\n<p>Nada\u010dn\u00ed fond ji\u017e od roku 2024 podporuje i spole\u010dnost \u00da\u010detn\u00ed a da\u0148ov\u00e1 kancel\u00e1\u0159 T&amp;K s.r.o. (veden\u00ed \u00fa\u010detnictv\u00ed, poradenstv\u00ed), <a href=\"https:\/\/www.tk-ucetnictvi.cz\/\">https:\/\/www.tk-ucetnictvi.cz\/<\/a>, kter\u00e1 bezplatn\u011b zpracov\u00e1v\u00e1 \u00fa\u010detnictv\u00ed nada\u010dn\u00edho fondu.<\/p>\n<p>&nbsp;<\/p>\n<p><strong>C\u00edle pro rok 2026:<\/strong><\/p>\n<ol>\n<li>Zajistit dostate\u010dn\u00fd po\u010det aplikac\u00ed l\u00e9\u010dby pro pacienty s m\u00ed\u0161n\u00edm poran\u011bn\u00edm a pr\u016fb\u011b\u017en\u011b vyhodnocovat jejich v\u00fdsledky.<\/li>\n<li>Umo\u017enit pacient\u016fm finan\u010dn\u00ed p\u0159\u00edsp\u011bvky na aplikace.<\/li>\n<li>Postupn\u011b roz\u0161\u00ed\u0159it s\u00ed\u0165 poskytov\u00e1n\u00ed l\u00e9\u010dby v \u010cech\u00e1ch i na Slovensku.<\/li>\n<li>Pro\u0161kolit dostate\u010dn\u00fd po\u010det l\u00e9ka\u0159\u016f v r\u00e1mci \u010cesk\u00e9 a Slovensk\u00e9 republiky.<\/li>\n<li>Prezentovat v\u00fdsledky na tuzemsk\u00fdch i zahrani\u010dn\u00edch konferenc\u00edch.<\/li>\n<li>Nad\u00e1le podporovat v\u00fdzkum a v\u00fdvoj a d\u00edky tomu dos\u00e1hnout je\u0161t\u011b vy\u0161\u0161\u00ed efektivity jednotliv\u00fdch aplikac\u00ed.<\/li>\n<\/ol>\n<p>&nbsp;<\/p>\n<p><strong>Je\u0161t\u011b jednou d\u011bkujeme v\u0161em za finan\u010dn\u00ed podporu i p\u0159\u00edpadn\u00e9 sd\u00edlen\u00ed!<\/strong><\/p>\n<p>MUDr. Peter Ol\u0161\u00e1k<\/p>\n\n\t\t<\/div>\n\t<\/div>\n\n                <\/div>\n            <\/div>\n\t\t<\/div>\n<\/section>\n\n\n<section class=\"vc_row wpb_row vc_row-fluid vc_custom_1733749986278\">\n\t\t<div class=\"row\">\n            <div class=\"wpb_column vc_column_container col-sm-6 vc_custom_1733750005362\">\n                <div class=\"wpb_wrapper\">\n\n\t<div class=\"wpb_text_column wpb_content_element  vc_custom_1733749912201\" >\n\t\t<div class=\"wpb_wrapper\">\n\t\t\t<p>Do you want to support research, development and dissemination of the AC-TIVE ENF electroacupuncture method?<br \/>\nPoda\u0159ilo se n\u00e1m zalo\u017eit Nada\u010dn\u00ed fond metody AC-TIVE ENF.<\/p>\n<p>V\u00e1\u0161 p\u0159\u00edsp\u011bvek m\u016f\u017eete poslat na tento \u00fa\u010det nada\u010dn\u00edho fondu veden\u00fd u \u010cesk\u00e9 Spo\u0159itelny: 6751345349\/0800<\/p>\n<p>V\u00e1\u0161 dar poslou\u017e\u00ed na dal\u0161\u00ed rozvoj t\u00e9to metody a jej\u00ed dostupnost mezi\u00a0pacienty.<\/p>\n<p>Kontaktn\u00ed \u00fadaje:<\/p>\n<p>N\u00e1zev nada\u010dn\u00edho fondu: Nada\u010dn\u00ed fond metody AC-TIVE ENF.<br \/>\nS\u00eddlo nada\u010dn\u00edho fondu je um\u00edst\u011bno v obci (m\u011bst\u011b): Dv\u016fr Kr\u00e1lov\u00e9 nad Labem.<br \/>\nI\u010c0: 22279300<\/p>\n\n\t\t<\/div>\n\t<\/div>\n\n                <\/div>\n            <\/div>\n            <div class=\"wpb_column vc_column_container col-sm-6 vc_custom_1733749996795\">\n                <div class=\"wpb_wrapper\">\n\n\t<div  class=\"wpb_single_image wpb_content_element vc_align_left\">\n\t\t\n\t\t<figure class=\"wpb_wrapper vc_figure\">\n\t\t\t<div class=\"vc_single_image-wrapper   vc_box_border_grey\"><img loading=\"lazy\" decoding=\"async\" width=\"237\" height=\"300\" src=\"https:\/\/www.ac-tive.cz\/wp-content\/uploads\/2024\/11\/QR-nadacni-fond-237x300.png\" class=\"vc_single_image-img attachment-medium\" alt=\"QR k\u00f3d Nada\u010dn\u00ed fond metody AC-TIVE ENF\" srcset=\"https:\/\/www.ac-tive.cz\/wp-content\/uploads\/2024\/11\/QR-nadacni-fond-237x300.png 237w, https:\/\/www.ac-tive.cz\/wp-content\/uploads\/2024\/11\/QR-nadacni-fond-9x12.png 9w, https:\/\/www.ac-tive.cz\/wp-content\/uploads\/2024\/11\/QR-nadacni-fond.png 500w\" sizes=\"auto, (max-width: 237px) 100vw, 237px\" \/><\/div>\n\t\t<\/figure>\n\t<\/div>\n\n                <\/div>\n            <\/div>\n\t\t<\/div>\n<\/section>\n\n\n<section class=\"vc_row wpb_row vc_row-fluid vc_custom_1732120867449\">\n\t\t<div class=\"row\">\n            <div class=\"wpb_column vc_column_container col-sm-12 vc_custom_1732120822125\">\n                <div class=\"wpb_wrapper\">\n\n\t<div class=\"wpb_text_column wpb_content_element\" >\n\t\t<div class=\"wpb_wrapper\">\n\t\t\t<p style=\"text-align: left;\">Nada\u010dn\u00ed fond je zalo\u017een za ve\u0159ejn\u011b prosp\u011b\u0161n\u00fdm \u00fa\u010delem na dobu neur\u010ditou.<\/p>\n<p style=\"text-align: left;\">Zakladatelem Nada\u010dn\u00edho fondu je pan MUDr. Peter Ol\u0161\u00e1k.<\/p>\n<p style=\"text-align: left;\">\u00da\u010delem Nada\u010dn\u00edho fondu je podpora metody AC-TIVE ENF, jej\u00edho dal\u0161\u00edho v\u00fdzkumu, v\u00fdvoje, roz\u0161\u00ed\u0159en\u00ed a zefektivn\u011bn\u00ed a zaji\u0161t\u011bn\u00ed dosa\u017eitelnosti\u00a0metody AC-TIVE ENF pro pacienty, a to podporou jak spole\u010dnost\u00ed a jednotlivc\u016f, kte\u0159\u00ed jsou k jej\u00edmu vyu\u017e\u00edv\u00e1n\u00ed pro\u0161koleni, tak i podporou p\u0159\u00edmo pacient\u016f, pro kter\u00e9 je vyu\u017eit\u00ed metody AC-TIVE ENF vhodn\u00e9.<\/p>\n<p style=\"text-align: left;\">V p\u0159\u00edpad\u011b dotaz\u016f \u010di \u017e\u00e1dosti o vystaven\u00ed Potvrzen\u00ed o p\u0159ijet\u00ed daru n\u00e1s nev\u00e1hejte kontaktovat:\u00a0<a href=\"mailto:nadacnifond@ac-tive.cz\" rel=\"noopener\">nadacnifond@ac-tive.cz<\/a><\/p>\n<p style=\"text-align: left;\">D\u011bkujeme V\u00e1m za podporu!<br \/>\nMUDr. Peter Ol\u0161\u00e1k<\/p>\n<p>&nbsp;<\/p>\n<h4>\u017d\u00e1dosti o p\u0159\u00edsp\u011bvek ke sta\u017een\u00ed<\/h4>\n<p><a href=\"\/wp-content\/uploads\/2025\/01\/2025_Zadost-o-prispevek-nadacniho-fondu-obecna.pdf\" target=\"_new\" rel=\"noopener\">Obecn\u00e1 \u017e\u00e1dost o p\u0159\u00edsp\u011bvek z Nada\u010dn\u00edho fondu<\/a><br \/>\n<a href=\"\/wp-content\/uploads\/2026\/01\/2026_Zadost-o-prispevek-nadacniho-fondu-klienti_aplikace-elektroakupunktury.pdf\" target=\"_new\" rel=\"noopener\">\u017d\u00e1dost o p\u0159\u00edsp\u011bvek z Nada\u010dn\u00edho fondu na aplikaci akupunktury<\/a><\/p>\n\n\t\t<\/div>\n\t<\/div>\n\n                <\/div>\n            <\/div>\n\t\t<\/div>\n<\/section>","protected":false},"excerpt":{"rendered":"Zpr\u00e1va Nada\u010dn\u00edho fondu za rok 2025 &nbsp; Nada\u010dn\u00ed fond ji\u017e od roku 2024 podporuje i spole\u010dnost \u00da\u010detn\u00ed a da\u0148ov\u00e1 kancel\u00e1\u0159 T&amp;K s.r.o. (veden\u00ed \u00fa\u010detnictv\u00ed, poradenstv\u00ed), https:\/\/www.tk-ucetnictvi.cz\/, kter\u00e1 bezplatn\u011b zpracov\u00e1v\u00e1 \u00fa\u010detnictv\u00ed nada\u010dn\u00edho fondu. &nbsp; C\u00edle pro rok 2026: Zajistit dostate\u010dn\u00fd po\u010det aplikac\u00ed l\u00e9\u010dby pro pacienty s m\u00ed\u0161n\u00edm poran\u011bn\u00edm a pr\u016fb\u011b\u017en\u011b vyhodnocovat jejich v\u00fdsledky. Umo\u017enit pacient\u016fm finan\u010dn\u00ed [...]","protected":false},"author":9,"featured_media":0,"parent":0,"menu_order":0,"comment_status":"closed","ping_status":"closed","template":"","meta":{"footnotes":""},"class_list":["post-2862","page","type-page","status-publish","hentry"],"aioseo_notices":[],"post_mailing_queue_ids":[],"_links":{"self":[{"href":"https:\/\/www.ac-tive.cz\/en\/wp-json\/wp\/v2\/pages\/2862","targetHints":{"allow":["GET"]}}],"collection":[{"href":"https:\/\/www.ac-tive.cz\/en\/wp-json\/wp\/v2\/pages"}],"about":[{"href":"https:\/\/www.ac-tive.cz\/en\/wp-json\/wp\/v2\/types\/page"}],"author":[{"embeddable":true,"href":"https:\/\/www.ac-tive.cz\/en\/wp-json\/wp\/v2\/users\/9"}],"replies":[{"embeddable":true,"href":"https:\/\/www.ac-tive.cz\/en\/wp-json\/wp\/v2\/comments?post=2862"}],"version-history":[{"count":29,"href":"https:\/\/www.ac-tive.cz\/en\/wp-json\/wp\/v2\/pages\/2862\/revisions"}],"predecessor-version":[{"id":3123,"href":"https:\/\/www.ac-tive.cz\/en\/wp-json\/wp\/v2\/pages\/2862\/revisions\/3123"}],"wp:attachment":[{"href":"https:\/\/www.ac-tive.cz\/en\/wp-json\/wp\/v2\/media?parent=2862"}],"curies":[{"name":"wp","href":"https:\/\/api.w.org\/{rel}","templated":true}]}}