{"id":532,"date":"2015-10-22T06:53:44","date_gmt":"2015-10-22T04:53:44","guid":{"rendered":"https:\/\/plethorathemes.com\/healthx\/?page_id=532"},"modified":"2024-05-28T15:26:52","modified_gmt":"2024-05-28T13:26:52","slug":"patients","status":"publish","type":"page","link":"https:\/\/www.ac-tive.cz\/en\/patients\/","title":{"rendered":"For patients"},"content":{"rendered":"<section class=\"vc_row wpb_row vc_row-fluid\">\n\t\t<div class=\"row\">\n            <div class=\"wpb_column vc_column_container col-sm-12\">\n                <div class=\"wpb_wrapper\">\n\n\t<div class=\"wpb_text_column wpb_content_element\" >\n\t\t<div class=\"wpb_wrapper\">\n\t\t\t<h2 style=\"text-align: justify;\">A look at the treatment of movement disorders caused by damage to the nervous system<\/h2>\n<p style=\"text-align: justify;\">During the treatment of patients with movement disorders, I am often asked about the possibilities and effectiveness of various procedures to improve movement. With today's medicine, treatment is primarily based on a specific diagnosis which, in the event of damage to the nervous system, is determined by a neurologist. The diagnosis of damage to the central nervous system is most often carried out by means of clinical examination; imaging examinations of the brain or spinal cord, or other auxiliary examinations (lumbar puncture, blood samples, examination of so-called evoked potentials and others). In peripheral nervous system damage, the diagnosis is most often based on clinical and electromyographic examinations.<\/p>\n<p style=\"text-align: justify;\">In general, the sooner a patient receives a form of treatment, the more effective it is. This is most evident in acute conditions, but it also applies to the later stages of a disease. This also applies to our Ac-tive\u00ae method, which has allowed large numbers of patients with impaired movement to improve motor function more quickly. The best results are achieved if patients reach us in time, preferably within one month of seeing the first symptoms of movement disorders. Conventional treatment of nervous system damage involves various rehabilitation procedures. It is advisable that patients suffering from reduced mobility do not just rely on our method, but also use other effective treatments alongside it, especially targeted physiotherapy. In our opinion a comprehensive approach leads to successful treatment, and ideally it should be managed by a rehabilitation doctor. This coordinates all forms of treatment that the patient undergoes so it is possible to achieve maximum improvement in movement while not overloading the damaged structures.<\/p>\n<p style=\"text-align: justify;\">At present, more than 170 people with various forms of paralysis have been successfully treated with our Ac-tive\u00ae method, and we also have video documentation and other forms of tests to verify the clinical effects. Most of the patients currently undergoing treatment also have functional examinations in the kinesiology laboratory of the rehabilitation department of the University Hospital in Olomouc, where our results aattempt to prove general validity. In the last two years, we have trained acupuncturists  in our method, so that it is possible to perform these applications in more parts of the Czech Republic. Courses for doctors are used for postgraduate education.<\/p>\n<p style=\"text-align: justify;\"><strong>More information about the method at:<\/strong>: <a href=\"mailto:info@ac-tive.cz\">info@ac-tive.cz<\/a><\/p>\n\n\t\t<\/div>\n\t<\/div>\n\n                <\/div>\n            <\/div>\n\t\t<\/div>\n<\/section>\n\n\n<section class=\"vc_row wpb_row vc_row-fluid vc_custom_1591175949608\">\n\t\t<div class=\"row\">\n            <div class=\"wpb_column vc_column_container col-sm-1\/5 vc_custom_1591175809883\">\n                <div class=\"wpb_wrapper\">\n\n\t<div  class=\"wpb_single_image wpb_content_element vc_align_left\">\n\t\t\n\t\t<figure class=\"wpb_wrapper vc_figure\">\n\t\t\t<a data-rel=\"prettyPhoto[rel-532-3899295539]\" href=\"https:\/\/www.ac-tive.cz\/wp-content\/uploads\/2020\/05\/pro-pacienty-active-1024x768.jpg\" target=\"_self\" class=\"vc_single_image-wrapper   vc_box_border_grey prettyphoto\"><img loading=\"lazy\" decoding=\"async\" width=\"300\" height=\"225\" src=\"https:\/\/www.ac-tive.cz\/wp-content\/uploads\/2020\/05\/pro-pacienty-active-300x225.jpg\" class=\"vc_single_image-img attachment-medium\" alt=\"\" srcset=\"https:\/\/www.ac-tive.cz\/wp-content\/uploads\/2020\/05\/pro-pacienty-active-300x225.jpg 300w, https:\/\/www.ac-tive.cz\/wp-content\/uploads\/2020\/05\/pro-pacienty-active-1024x768.jpg 1024w, https:\/\/www.ac-tive.cz\/wp-content\/uploads\/2020\/05\/pro-pacienty-active-768x576.jpg 768w, https:\/\/www.ac-tive.cz\/wp-content\/uploads\/2020\/05\/pro-pacienty-active-1536x1152.jpg 1536w, https:\/\/www.ac-tive.cz\/wp-content\/uploads\/2020\/05\/pro-pacienty-active-2048x1536.jpg 2048w, https:\/\/www.ac-tive.cz\/wp-content\/uploads\/2020\/05\/pro-pacienty-active-scaled-e1589870997462.jpg 1000w\" sizes=\"auto, (max-width: 300px) 100vw, 300px\" \/><\/a>\n\t\t<\/figure>\n\t<\/div>\n\n                <\/div>\n            <\/div>\n            <div class=\"wpb_column vc_column_container col-sm-1\/5 vc_custom_1589872824408\">\n                <div class=\"wpb_wrapper\">\n\n\t<div  class=\"wpb_single_image wpb_content_element vc_align_left\">\n\t\t\n\t\t<figure class=\"wpb_wrapper vc_figure\">\n\t\t\t<a data-rel=\"prettyPhoto[rel-532-2290371218]\" href=\"https:\/\/www.ac-tive.cz\/wp-content\/uploads\/2020\/05\/akupunkturn\u00ed-jehla-1024x768.jpg\" target=\"_self\" class=\"vc_single_image-wrapper   vc_box_border_grey prettyphoto\"><img loading=\"lazy\" decoding=\"async\" width=\"300\" height=\"225\" src=\"https:\/\/www.ac-tive.cz\/wp-content\/uploads\/2020\/05\/akupunkturn\u00ed-jehla-300x225.jpg\" class=\"vc_single_image-img attachment-medium\" alt=\"\" srcset=\"https:\/\/www.ac-tive.cz\/wp-content\/uploads\/2020\/05\/akupunkturn\u00ed-jehla-300x225.jpg 300w, https:\/\/www.ac-tive.cz\/wp-content\/uploads\/2020\/05\/akupunkturn\u00ed-jehla-1024x768.jpg 1024w, https:\/\/www.ac-tive.cz\/wp-content\/uploads\/2020\/05\/akupunkturn\u00ed-jehla-768x576.jpg 768w, https:\/\/www.ac-tive.cz\/wp-content\/uploads\/2020\/05\/akupunkturn\u00ed-jehla-1536x1152.jpg 1536w, https:\/\/www.ac-tive.cz\/wp-content\/uploads\/2020\/05\/akupunkturn\u00ed-jehla-2048x1536.jpg 2048w, https:\/\/www.ac-tive.cz\/wp-content\/uploads\/2020\/05\/akupunkturn\u00ed-jehla-scaled-e1591865509305.jpg 1000w\" sizes=\"auto, (max-width: 300px) 100vw, 300px\" \/><\/a>\n\t\t<\/figure>\n\t<\/div>\n\n                <\/div>\n            <\/div>\n            <div class=\"wpb_column vc_column_container col-sm-1\/5\">\n                <div class=\"wpb_wrapper\">\n\n\t<div  class=\"wpb_single_image wpb_content_element vc_align_left  vc_custom_1589872832199\">\n\t\t\n\t\t<figure class=\"wpb_wrapper vc_figure\">\n\t\t\t<a data-rel=\"prettyPhoto[rel-532-902602406]\" href=\"https:\/\/www.ac-tive.cz\/wp-content\/uploads\/2020\/05\/ac-tive-d\u00edt\u011b-1024x768.jpg\" target=\"_self\" class=\"vc_single_image-wrapper   vc_box_border_grey prettyphoto\"><img loading=\"lazy\" decoding=\"async\" width=\"300\" height=\"225\" src=\"https:\/\/www.ac-tive.cz\/wp-content\/uploads\/2020\/05\/ac-tive-d\u00edt\u011b-300x225.jpg\" class=\"vc_single_image-img attachment-medium\" alt=\"\" srcset=\"https:\/\/www.ac-tive.cz\/wp-content\/uploads\/2020\/05\/ac-tive-d\u00edt\u011b-300x225.jpg 300w, https:\/\/www.ac-tive.cz\/wp-content\/uploads\/2020\/05\/ac-tive-d\u00edt\u011b-1024x768.jpg 1024w, https:\/\/www.ac-tive.cz\/wp-content\/uploads\/2020\/05\/ac-tive-d\u00edt\u011b-768x576.jpg 768w, https:\/\/www.ac-tive.cz\/wp-content\/uploads\/2020\/05\/ac-tive-d\u00edt\u011b-1536x1152.jpg 1536w, https:\/\/www.ac-tive.cz\/wp-content\/uploads\/2020\/05\/ac-tive-d\u00edt\u011b-2048x1536.jpg 2048w, https:\/\/www.ac-tive.cz\/wp-content\/uploads\/2020\/05\/ac-tive-d\u00edt\u011b-scaled-e1591865520420.jpg 1000w\" sizes=\"auto, (max-width: 300px) 100vw, 300px\" \/><\/a>\n\t\t<\/figure>\n\t<\/div>\n\n                <\/div>\n            <\/div>\n            <div class=\"wpb_column vc_column_container col-sm-1\/5 vc_custom_1589872842959\">\n                <div class=\"wpb_wrapper\">\n\n\t<div  class=\"wpb_single_image wpb_content_element vc_align_left\">\n\t\t\n\t\t<figure class=\"wpb_wrapper vc_figure\">\n\t\t\t<a data-rel=\"prettyPhoto[rel-532-3636132734]\" href=\"https:\/\/www.ac-tive.cz\/wp-content\/uploads\/2015\/11\/Registr_3-1024x768.jpg\" target=\"_self\" class=\"vc_single_image-wrapper   vc_box_border_grey prettyphoto\"><img loading=\"lazy\" decoding=\"async\" width=\"300\" height=\"225\" src=\"https:\/\/www.ac-tive.cz\/wp-content\/uploads\/2015\/11\/Registr_3-300x225.jpg\" class=\"vc_single_image-img attachment-medium\" alt=\"\" srcset=\"https:\/\/www.ac-tive.cz\/wp-content\/uploads\/2015\/11\/Registr_3-300x225.jpg 300w, https:\/\/www.ac-tive.cz\/wp-content\/uploads\/2015\/11\/Registr_3-1024x768.jpg 1024w, https:\/\/www.ac-tive.cz\/wp-content\/uploads\/2015\/11\/Registr_3-768x576.jpg 768w, https:\/\/www.ac-tive.cz\/wp-content\/uploads\/2015\/11\/Registr_3-1536x1152.jpg 1536w, https:\/\/www.ac-tive.cz\/wp-content\/uploads\/2015\/11\/Registr_3-2048x1536.jpg 2048w, https:\/\/www.ac-tive.cz\/wp-content\/uploads\/2015\/11\/Registr_3-scaled-e1591865535299.jpg 1000w\" sizes=\"auto, (max-width: 300px) 100vw, 300px\" \/><\/a>\n\t\t<\/figure>\n\t<\/div>\n\n                <\/div>\n            <\/div>\n            <div class=\"wpb_column vc_column_container col-sm-1\/5\">\n                <div class=\"wpb_wrapper\">\n\n\t<div  class=\"wpb_single_image wpb_content_element vc_align_left  vc_custom_1589872852795\">\n\t\t\n\t\t<figure class=\"wpb_wrapper vc_figure\">\n\t\t\t<a data-rel=\"prettyPhoto[rel-532-4080668147]\" href=\"https:\/\/www.ac-tive.cz\/wp-content\/uploads\/2015\/11\/Registr_2-1024x768.jpg\" target=\"_self\" class=\"vc_single_image-wrapper   vc_box_border_grey prettyphoto\"><img loading=\"lazy\" decoding=\"async\" width=\"300\" height=\"225\" src=\"https:\/\/www.ac-tive.cz\/wp-content\/uploads\/2015\/11\/Registr_2-300x225.jpg\" class=\"vc_single_image-img attachment-medium\" alt=\"\" srcset=\"https:\/\/www.ac-tive.cz\/wp-content\/uploads\/2015\/11\/Registr_2-300x225.jpg 300w, https:\/\/www.ac-tive.cz\/wp-content\/uploads\/2015\/11\/Registr_2-1024x768.jpg 1024w, https:\/\/www.ac-tive.cz\/wp-content\/uploads\/2015\/11\/Registr_2-768x576.jpg 768w, https:\/\/www.ac-tive.cz\/wp-content\/uploads\/2015\/11\/Registr_2-1536x1152.jpg 1536w, https:\/\/www.ac-tive.cz\/wp-content\/uploads\/2015\/11\/Registr_2-2048x1536.jpg 2048w, https:\/\/www.ac-tive.cz\/wp-content\/uploads\/2015\/11\/Registr_2-scaled-e1591865543589.jpg 1000w\" sizes=\"auto, (max-width: 300px) 100vw, 300px\" \/><\/a>\n\t\t<\/figure>\n\t<\/div>\n\n                <\/div>\n            <\/div>\n\t\t<\/div>\n<\/section>\n\n\n<section class=\"vc_row wpb_row vc_row-fluid vc_custom_1590568558543\">\n\t\t<div class=\"row\">\n            <div class=\"wpb_column vc_column_container col-sm-12\">\n                <div class=\"wpb_wrapper\">\n\n\t<div class=\"wpb_text_column wpb_content_element  vc_custom_1590568780079\" >\n\t\t<div class=\"wpb_wrapper\">\n\t\t\t<h4><strong>Author and lecturer:<\/strong> MUDr. Peter Ol\u0161\u00e1k<\/h4>\n\n\t\t<\/div>\n\t<\/div>\n\n                <\/div>\n            <\/div>\n\t\t<\/div>\n<\/section>","protected":false},"excerpt":{"rendered":"Pohled na l\u00e9\u010dbu poruch pohybu v d\u016fsledku po\u0161kozen\u00ed nervov\u00e9ho syst\u00e9mu V\u00a0pr\u016fb\u011bhu l\u00e9\u010den\u00ed pacient\u016f s\u00a0pohybov\u00fdmi poruchami \u010dasto dost\u00e1v\u00e1m dotazy na mo\u017enosti a \u00fa\u010dinnost r\u016fzn\u00fdch postup\u016f ke\u00a0zlep\u0161en\u00ed pohybu. L\u00e9\u010dba se v\u00a0dne\u0161n\u00ed medic\u00edn\u011b prim\u00e1rn\u011b odv\u00edj\u00ed od konkr\u00e9tn\u00ed diagn\u00f3zy, kterou v\u00a0p\u0159\u00edpad\u011b po\u0161kozen\u00ed nervov\u00e9ho syst\u00e9mu ur\u010d\u00ed neurolog. Diagn\u00f3za po\u0161kozen\u00ed centr\u00e1ln\u00edho nervov\u00e9ho syst\u00e9mu se nej\u010dast\u011bji diagnostikuje pomoc\u00ed klinick\u00e9ho vy\u0161et\u0159en\u00ed, zobrazovac\u00edch vy\u0161et\u0159en\u00ed [...]","protected":false},"author":1,"featured_media":0,"parent":0,"menu_order":0,"comment_status":"closed","ping_status":"closed","template":"","meta":{"footnotes":""},"class_list":["post-532","page","type-page","status-publish","hentry"],"aioseo_notices":[],"post_mailing_queue_ids":[],"_links":{"self":[{"href":"https:\/\/www.ac-tive.cz\/en\/wp-json\/wp\/v2\/pages\/532","targetHints":{"allow":["GET"]}}],"collection":[{"href":"https:\/\/www.ac-tive.cz\/en\/wp-json\/wp\/v2\/pages"}],"about":[{"href":"https:\/\/www.ac-tive.cz\/en\/wp-json\/wp\/v2\/types\/page"}],"author":[{"embeddable":true,"href":"https:\/\/www.ac-tive.cz\/en\/wp-json\/wp\/v2\/users\/1"}],"replies":[{"embeddable":true,"href":"https:\/\/www.ac-tive.cz\/en\/wp-json\/wp\/v2\/comments?post=532"}],"version-history":[{"count":56,"href":"https:\/\/www.ac-tive.cz\/en\/wp-json\/wp\/v2\/pages\/532\/revisions"}],"predecessor-version":[{"id":2767,"href":"https:\/\/www.ac-tive.cz\/en\/wp-json\/wp\/v2\/pages\/532\/revisions\/2767"}],"wp:attachment":[{"href":"https:\/\/www.ac-tive.cz\/en\/wp-json\/wp\/v2\/media?parent=532"}],"curies":[{"name":"wp","href":"https:\/\/api.w.org\/{rel}","templated":true}]}}