{"id":564,"date":"2015-10-22T07:12:59","date_gmt":"2015-10-22T07:12:59","guid":{"rendered":"https:\/\/plethorathemes.com\/healthx\/?page_id=564"},"modified":"2024-11-20T17:59:07","modified_gmt":"2024-11-20T16:59:07","slug":"doctor-courses","status":"publish","type":"page","link":"https:\/\/www.ac-tive.cz\/en\/doctor-courses\/","title":{"rendered":"Professional doctor courses"},"content":{"rendered":"<section class=\"vc_row wpb_row vc_row-fluid\">\n\t\t<div class=\"row\">\n            <div class=\"wpb_column vc_column_container col-sm-12\">\n                <div class=\"wpb_wrapper\">\n\n\t<div class=\"wpb_text_column wpb_content_element\" >\n\t\t<div class=\"wpb_wrapper\">\n\t\t\t<h2><strong>Conditions for completing professional doctoral courses:<\/strong><\/h2>\n<ul>\n<li style=\"list-style-type: none;\">\n<ul>\n<li style=\"list-style-type: none;\">\n<ul>\n<li style=\"text-align: justify;\" class=\"translation-block\">The course is designed for doctors who have already completed at least a basic course. Courses are organized at regular intervals by Czech Medical Association of J. E. Purkyn\u011b<\/a>. If you are a doctor and want to attend the course but you have not passed the above mentioned course, it is necessary to make an individual agreement with the course guarantor.<\/li>\n<li style=\"text-align: justify;\">The course focused on the treatment of paresis and spasticity in adult patients may be completed after finishing the basic course.<\/li>\n<\/ul>\n<\/li>\n<\/ul>\n<\/li>\n<\/ul>\n<p><strong>\u00a0<\/strong><\/p>\n<h3><strong>Ac-tive ENF<sup>\u00ae<\/sup> <em>basic<\/em><\/strong><\/h3>\n<ul>\n<li style=\"list-style-type: none;\">\n<ul>\n<li style=\"list-style-type: none;\">\n<ul>\n<li style=\"text-align: justify;\">During the basic course the possibilities for using analgesia with the  Ac-tive\u00ae method will be discussed.<sup>\u00ae<\/sup>.<\/li>\n<li style=\"text-align: justify;\">Methods of electroacupuncture (ie the application of electric current into acupuncture needles) are discussed in detail. Emphasis is placed on practical forms of application and the selection of individual paths and points. In particular, the principles of safe administration and the most common treatments for pain conditions in outpatient and hospital conditions are discussed in detail.<\/li>\n<li style=\"text-align: justify;\">To successfully complete the course, It is necessary to pass the final test of knowledge. After completing the course, participants will receive a certificate.<\/li>\n<li style=\"text-align: justify;\">. The course is scheduler up for 3 days: Friday, Saturday Sunday.<\/li>\n<li style=\"text-align: justify;\">Za\u010d\u00e1tek kurzu v\u017edy v p\u00e1tek od 15:00, ukon\u010den\u00ed kurzu v ned\u011bli ve 13:00.<\/li>\n<\/ul>\n<\/li>\n<\/ul>\n<\/li>\n<\/ul>\n<p><strong>\u00a0<\/strong><\/p>\n<h3><strong>Ac-tive ENF<sup>\u00ae<\/sup> <em>advanced Adults\u00a0<\/em><\/strong><\/h3>\n<ul>\n<li style=\"list-style-type: none;\">\n<ul>\n<li style=\"list-style-type: none;\">\n<ul>\n<li style=\"text-align: justify;\">The course focuses on the treatment of paresis and spasticity in adult patients and follows on from the basic course.<\/li>\n<li style=\"text-align: justify;\" class=\"translation-block\">Participants will have the opportunity to get acquainted with the applications of the Ac-tive\u00ae method for the treatment of all types of paretic conditions. Emphasis is placed on practical applications in central paresis and also in damage to the peripheral nervous system, the selection of appropriate pathways and points in specific clinical cases.\nFurthermore, the use of acupuncture microsystems and other techniques for the maximum possible restoration of functional momentum.<\/li>\n<\/ul>\n<\/li>\n<\/ul>\n<\/li>\n<\/ul>\n<p><strong>\u00a0<\/strong><\/p>\n<h3><strong>Ac-tive ENF<sup>\u00ae<\/sup> <em>advanced Children<\/em><\/strong><\/h3>\n<ul>\n<li style=\"list-style-type: none;\">\n<ul>\n<li style=\"list-style-type: none;\">\n<ul>\n<li style=\"text-align: justify;\">The course focuses on the treatment of paresis and spasticity in children patients.<\/li>\n<\/ul>\n<\/li>\n<\/ul>\n<\/li>\n<\/ul>\n\n\t\t<\/div>\n\t<\/div>\n\n                <\/div>\n            <\/div>\n\t\t<\/div>\n<\/section>","protected":false},"excerpt":{"rendered":"Podm\u00ednky pro absolvov\u00e1n\u00ed odborn\u00fdch kurz\u016f pro l\u00e9ka\u0159e: Kurz je ur\u010den pro l\u00e9ka\u0159e, kte\u0159\u00ed ji\u017e absolvovali alespo\u0148 z\u00e1kladn\u00ed kurz akupunktury. Ten v\u00a0pravideln\u00fdch intervalech organizuje \u010cesk\u00e1 l\u00e9ka\u0159sk\u00e1 akupunkturistick\u00e1 spole\u010dnost. V\u00a0p\u0159\u00edpad\u011b, \u017ee jste l\u00e9ka\u0159 a chcete se kurzu z\u00fa\u010dastnit, ale nejste absolvent v\u00fd\u0161e uveden\u00e9ho kurzu, je nutn\u00e9 se individu\u00e1ln\u011b domluvit s\u00a0garantem kurzu. Kurz zam\u011b\u0159en\u00fd na l\u00e9\u010dbu par\u00e9z a [...]","protected":false},"author":1,"featured_media":0,"parent":0,"menu_order":0,"comment_status":"closed","ping_status":"closed","template":"","meta":{"footnotes":""},"class_list":["post-564","page","type-page","status-publish","hentry"],"aioseo_notices":[],"post_mailing_queue_ids":[],"_links":{"self":[{"href":"https:\/\/www.ac-tive.cz\/en\/wp-json\/wp\/v2\/pages\/564","targetHints":{"allow":["GET"]}}],"collection":[{"href":"https:\/\/www.ac-tive.cz\/en\/wp-json\/wp\/v2\/pages"}],"about":[{"href":"https:\/\/www.ac-tive.cz\/en\/wp-json\/wp\/v2\/types\/page"}],"author":[{"embeddable":true,"href":"https:\/\/www.ac-tive.cz\/en\/wp-json\/wp\/v2\/users\/1"}],"replies":[{"embeddable":true,"href":"https:\/\/www.ac-tive.cz\/en\/wp-json\/wp\/v2\/comments?post=564"}],"version-history":[{"count":91,"href":"https:\/\/www.ac-tive.cz\/en\/wp-json\/wp\/v2\/pages\/564\/revisions"}],"predecessor-version":[{"id":2885,"href":"https:\/\/www.ac-tive.cz\/en\/wp-json\/wp\/v2\/pages\/564\/revisions\/2885"}],"wp:attachment":[{"href":"https:\/\/www.ac-tive.cz\/en\/wp-json\/wp\/v2\/media?parent=564"}],"curies":[{"name":"wp","href":"https:\/\/api.w.org\/{rel}","templated":true}]}}