{"id":8,"date":"2020-03-02T15:09:29","date_gmt":"2020-03-02T15:09:29","guid":{"rendered":"https:\/\/www.ac-tive.cz\/?page_id=8"},"modified":"2026-02-19T15:39:14","modified_gmt":"2026-02-19T14:39:14","slug":"kontakt","status":"publish","type":"page","link":"https:\/\/www.ac-tive.cz\/en\/kontakt\/","title":{"rendered":"Contact"},"content":{"rendered":"<section class=\"vc_row wpb_row vc_row-fluid\">\n\t\t<div class=\"row\">\n            <div class=\"wpb_column vc_column_container col-sm-12\">\n                <div class=\"wpb_wrapper\">\n\n\t<div class=\"wpb_text_column wpb_content_element\" >\n\t\t<div class=\"wpb_wrapper\">\n\t\t\t<p style=\"text-align: center;\">Z\u00e1jemci o objedn\u00e1n\u00ed na procedury\/konzultace u MUDr.Ol\u0161\u00e1ka,\u00a0pros\u00edm vyu\u017eijte\u00a0webov\u00e9 str\u00e1nky Jansk\u00fdch l\u00e1zn\u00ed (<a href=\"https:\/\/www.janskelazne.com\/elektroakupunktura\/\" rel=\"noopener\">Elektroakupunktura v Jansk\u00fdch L\u00e1zn\u00edch \u2013 St\u00e1tn\u00ed l\u00e9\u010debn\u00e9 l\u00e1zn\u011b Jansk\u00e9 L\u00e1zn\u011b (janskelazne.com)<\/a>).<\/p>\n<p>&nbsp;<\/p>\n<p style=\"text-align: center;\" class=\"translation-block\">For administrative matters\/doctor courses, please contact <a href=\"mailto:edu@sc-rehabilitace.cz\" target=\"_self\">edu@sc-rehabilitace.cz<\/a><\/p>\n<p>&nbsp;<\/p>\n<p style=\"text-align: center;\">Dotazy ur\u010den\u00e9 p\u0159\u00edmo na MUDr. Petera Ol\u0161\u00e1ka: <a href=\"mailto:dr.olsak@sc-rehabilitace.cz\">dr.olsak@sc-rehabilitace.cz<\/a> (neslou\u017e\u00ed k objedn\u00e1n\u00ed pacient\u016f).<\/p>\n<p>&nbsp;<\/p>\n<p style=\"text-align: center;\">Na aplikace elektroakupunktury se lze objednat i v ambulanc\u00edch <a href=\"https:\/\/www.moderniaku.cz\/\">Kliniky modern\u00ed akupunktury<\/a>.<\/p>\n\n\t\t<\/div>\n\t<\/div>\n\n                <\/div>\n            <\/div>\n\t\t<\/div>\n<\/section>","protected":false},"excerpt":{"rendered":"Z\u00e1jemci o objedn\u00e1n\u00ed na procedury\/konzultace u MUDr.Ol\u0161\u00e1ka,\u00a0pros\u00edm vyu\u017eijte\u00a0webov\u00e9 str\u00e1nky Jansk\u00fdch l\u00e1zn\u00ed (Elektroakupunktura v Jansk\u00fdch L\u00e1zn\u00edch \u2013 St\u00e1tn\u00ed l\u00e9\u010debn\u00e9 l\u00e1zn\u011b Jansk\u00e9 L\u00e1zn\u011b (janskelazne.com)). &nbsp; V p\u0159\u00edpad\u011b, \u017ee pot\u0159ebujete \u0159e\u0161it administrativu, \u010di z\u00e1le\u017eitosti t\u00fdkaj\u00edc\u00ed se kurz\u016f, vyu\u017eijte pros\u00edm e-mailovou adresu: edu@sc-rehabilitace.cz &nbsp; Dotazy ur\u010den\u00e9 p\u0159\u00edmo na MUDr. Petera Ol\u0161\u00e1ka: dr.olsak@sc-rehabilitace.cz (neslou\u017e\u00ed k objedn\u00e1n\u00ed pacient\u016f). &nbsp; Na aplikace [...]","protected":false},"author":1,"featured_media":0,"parent":0,"menu_order":0,"comment_status":"closed","ping_status":"closed","template":"","meta":{"footnotes":""},"class_list":["post-8","page","type-page","status-publish","hentry"],"aioseo_notices":[],"post_mailing_queue_ids":[],"_links":{"self":[{"href":"https:\/\/www.ac-tive.cz\/en\/wp-json\/wp\/v2\/pages\/8","targetHints":{"allow":["GET"]}}],"collection":[{"href":"https:\/\/www.ac-tive.cz\/en\/wp-json\/wp\/v2\/pages"}],"about":[{"href":"https:\/\/www.ac-tive.cz\/en\/wp-json\/wp\/v2\/types\/page"}],"author":[{"embeddable":true,"href":"https:\/\/www.ac-tive.cz\/en\/wp-json\/wp\/v2\/users\/1"}],"replies":[{"embeddable":true,"href":"https:\/\/www.ac-tive.cz\/en\/wp-json\/wp\/v2\/comments?post=8"}],"version-history":[{"count":40,"href":"https:\/\/www.ac-tive.cz\/en\/wp-json\/wp\/v2\/pages\/8\/revisions"}],"predecessor-version":[{"id":3103,"href":"https:\/\/www.ac-tive.cz\/en\/wp-json\/wp\/v2\/pages\/8\/revisions\/3103"}],"wp:attachment":[{"href":"https:\/\/www.ac-tive.cz\/en\/wp-json\/wp\/v2\/media?parent=8"}],"curies":[{"name":"wp","href":"https:\/\/api.w.org\/{rel}","templated":true}]}}